{"id":25,"date":"2024-03-21T08:55:21","date_gmt":"2024-03-21T07:55:21","guid":{"rendered":"http:\/\/wordpress-aldealaura.p574512.webspaceconfig.de\/index.php\/homestead\/"},"modified":"2026-01-29T17:50:36","modified_gmt":"2026-01-29T16:50:36","slug":"aktuelles","status":"publish","type":"page","link":"https:\/\/aldea-laura.de\/","title":{"rendered":"Aktuelles"},"content":{"rendered":"\t\t<div data-elementor-type=\"wp-page\" data-elementor-id=\"25\" class=\"elementor elementor-25\" data-elementor-post-type=\"page\">\n\t\t\t\t<div data-particle_enable=\"false\" data-particle-mobile-disabled=\"false\" class=\"elementor-element elementor-element-fe4857d e-con-full e-flex e-con e-parent\" data-id=\"fe4857d\" data-element_type=\"container\">\n\t\t<div data-particle_enable=\"false\" data-particle-mobile-disabled=\"false\" class=\"elementor-element elementor-element-7f224e1 e-con-full e-flex e-con e-child\" data-id=\"7f224e1\" data-element_type=\"container\">\n\t\t\t\t<div class=\"elementor-element elementor-element-059ad29 elementor--h-position-center elementor--v-position-middle elementor-arrows-position-inside elementor-pagination-position-inside elementor-widget elementor-widget-slides\" data-id=\"059ad29\" data-element_type=\"widget\" data-settings=\"{&quot;navigation&quot;:&quot;both&quot;,&quot;autoplay&quot;:&quot;yes&quot;,&quot;pause_on_hover&quot;:&quot;yes&quot;,&quot;pause_on_interaction&quot;:&quot;yes&quot;,&quot;autoplay_speed&quot;:5000,&quot;infinite&quot;:&quot;yes&quot;,&quot;transition&quot;:&quot;slide&quot;,&quot;transition_speed&quot;:500}\" data-widget_type=\"slides.default\">\n\t\t\t\t<div class=\"elementor-widget-container\">\n\t\t\t\t\t<div class=\"elementor-swiper\">\n\t\t\t<div class=\"elementor-slides-wrapper elementor-main-swiper swiper\" dir=\"ltr\" data-animation=\"fadeInRight\">\n\t\t\t\t<div class=\"swiper-wrapper elementor-slides\">\n\t\t\t\t\t\t\t\t\t\t<div class=\"elementor-repeater-item-9c08b7a swiper-slide\"><div class=\"swiper-slide-bg\" role=\"img\"><\/div><a class=\"swiper-slide-inner\" href=\"https:\/\/aldea-laura.de\/wp-content\/uploads\/2025\/12\/Aldea-Laura-Newsletter-2025-4.pdf\" target=\"_blank\"><div class=\"swiper-slide-contents\"><div class=\"elementor-slide-heading\">Das neue Schuljahr hat im Januar begonnen<\/div><div class=\"elementor-slide-description\">Jedes Kind bekommt kostenlos Schulb\u00fccher, Hefte und Stifte<\/div><div  class=\"elementor-button elementor-slide-button elementor-size-sm\">Hier klicken<\/div><\/div><\/a><\/div><div class=\"elementor-repeater-item-46fc149 swiper-slide\"><div class=\"swiper-slide-bg\" role=\"img\"><\/div><div class=\"swiper-slide-inner\" ><div class=\"swiper-slide-contents\"><div class=\"elementor-slide-heading\">Willkommen bei Aldea Laura<\/div><div class=\"elementor-slide-description\">Dem Schulprojekt im Hochland von Guatemala\n<\/div><\/div><\/div><\/div><div class=\"elementor-repeater-item-a05a83c swiper-slide\"><div class=\"swiper-slide-bg\" role=\"img\"><\/div><a class=\"swiper-slide-inner\" href=\"https:\/\/aldea-laura.de\/index.php\/about\/\"><div class=\"swiper-slide-contents\"><div class=\"elementor-slide-heading\">Die Schule<\/div><div  class=\"elementor-button elementor-slide-button elementor-size-sm\">mehr Infos<\/div><\/div><\/a><\/div><div class=\"elementor-repeater-item-138557e swiper-slide\"><div class=\"swiper-slide-bg\" role=\"img\"><\/div><a class=\"swiper-slide-inner\" href=\"https:\/\/aldea-laura.de\/index.php\/situation-vor-ort\/\"><div class=\"swiper-slide-contents\"><div class=\"elementor-slide-heading\">Die Situation vor Ort<\/div><div  class=\"elementor-button elementor-slide-button elementor-size-sm\">mehr Infos<\/div><\/div><\/a><\/div><div class=\"elementor-repeater-item-97bb977 swiper-slide\"><div class=\"swiper-slide-bg\" role=\"img\"><\/div><a class=\"swiper-slide-inner\" href=\"https:\/\/aldea-laura.de\/index.php\/service\/\"><div class=\"swiper-slide-contents\"><div class=\"elementor-slide-heading\">So k\u00f6nnen Sie helfen<\/div><div class=\"elementor-slide-description\">Wir freuen uns \u00fcber Patenschaften und Spenden<\/div><div  class=\"elementor-button elementor-slide-button elementor-size-sm\">mehr Infos<\/div><\/div><\/a><\/div><div class=\"elementor-repeater-item-19e8939 swiper-slide\"><div class=\"swiper-slide-bg\" role=\"img\"><\/div><a class=\"swiper-slide-inner\" href=\"https:\/\/aldea-laura.de\/index.php\/chronik\/\"><div class=\"swiper-slide-contents\"><div class=\"elementor-slide-heading\">Chronik<\/div><div class=\"elementor-slide-description\">Was bisher \ngeschehen ist ...<\/div><div  class=\"elementor-button elementor-slide-button elementor-size-sm\">mehr Infos<\/div><\/div><\/a><\/div>\t\t\t\t<\/div>\n\t\t\t\t\t\t\t\t\t\t\t\t\t\t\t<div class=\"swiper-pagination\"><\/div>\n\t\t\t\t\t\t\t\t\t\t\t\t\t\t\t\t<div class=\"elementor-swiper-button elementor-swiper-button-prev\" role=\"button\" tabindex=\"0\">\n\t\t\t\t\t\t\t<svg aria-hidden=\"true\" class=\"e-font-icon-svg e-eicon-chevron-left\" viewBox=\"0 0 1000 1000\" xmlns=\"http:\/\/www.w3.org\/2000\/svg\"><path d=\"M646 125C629 125 613 133 604 142L308 442C296 454 292 471 292 487 292 504 296 521 308 533L604 854C617 867 629 875 646 875 663 875 679 871 692 858 704 846 713 829 713 812 713 796 708 779 692 767L438 487 692 225C700 217 708 204 708 187 708 171 704 154 692 142 675 129 663 125 646 125Z\"><\/path><\/svg>\t\t\t\t\t\t\t<span class=\"elementor-screen-only\">Vorheriger Slide<\/span>\n\t\t\t\t\t\t<\/div>\n\t\t\t\t\t\t<div class=\"elementor-swiper-button elementor-swiper-button-next\" role=\"button\" tabindex=\"0\">\n\t\t\t\t\t\t\t<svg aria-hidden=\"true\" class=\"e-font-icon-svg e-eicon-chevron-right\" viewBox=\"0 0 1000 1000\" xmlns=\"http:\/\/www.w3.org\/2000\/svg\"><path d=\"M696 533C708 521 713 504 713 487 713 471 708 454 696 446L400 146C388 133 375 125 354 125 338 125 325 129 313 142 300 154 292 171 292 187 292 204 296 221 308 233L563 492 304 771C292 783 288 800 288 817 288 833 296 850 308 863 321 871 338 875 354 875 371 875 388 867 400 854L696 533Z\"><\/path><\/svg>\t\t\t\t\t\t\t<span class=\"elementor-screen-only\">N\u00e4chster Slide<\/span>\n\t\t\t\t\t\t<\/div>\n\t\t\t\t\t\t\t\t\t\t\t\t<\/div>\n\t\t<\/div>\n\t\t\t\t<\/div>\n\t\t\t\t<\/div>\n\t\t\t\t<div class=\"elementor-element elementor-element-03ab493 elementor-widget elementor-widget-image\" data-id=\"03ab493\" data-element_type=\"widget\" data-widget_type=\"image.default\">\n\t\t\t\t<div class=\"elementor-widget-container\">\n\t\t\t\t\t\t\t\t\t\t\t\t\t<img fetchpriority=\"high\" decoding=\"async\" width=\"2975\" height=\"72\" src=\"https:\/\/aldea-laura.de\/wp-content\/uploads\/2024\/04\/Wimpelkette.svg\" class=\"attachment-full size-full wp-image-208\" alt=\"\" \/>\t\t\t\t\t\t\t\t\t\t\t\t\t<\/div>\n\t\t\t\t<\/div>\n\t\t\t\t<\/div>\n\t\t\t\t<\/div>\n\t\t<div data-particle_enable=\"false\" data-particle-mobile-disabled=\"false\" class=\"elementor-element elementor-element-492f0ff e-con-full e-flex e-con e-parent\" data-id=\"492f0ff\" data-element_type=\"container\" id=\"header_section\" data-settings=\"{&quot;background_background&quot;:&quot;classic&quot;}\">\n\t\t<div data-particle_enable=\"false\" data-particle-mobile-disabled=\"false\" class=\"elementor-element elementor-element-9583505 e-flex e-con-boxed e-con e-child\" data-id=\"9583505\" data-element_type=\"container\">\n\t\t\t\t\t<div class=\"e-con-inner\">\n\t\t<div data-particle_enable=\"false\" data-particle-mobile-disabled=\"false\" class=\"elementor-element elementor-element-e3971c7 e-con-full e-flex e-con e-child\" data-id=\"e3971c7\" data-element_type=\"container\" data-settings=\"{&quot;background_background&quot;:&quot;classic&quot;}\">\n\t\t\t\t<div class=\"elementor-element elementor-element-9a17abe elementor-widget elementor-widget-heading\" data-id=\"9a17abe\" data-element_type=\"widget\" data-widget_type=\"heading.default\">\n\t\t\t\t<div class=\"elementor-widget-container\">\n\t\t\t<h2 class=\"elementor-heading-title elementor-size-default\">Den Kindern eine Zukunft<\/h2>\t\t<\/div>\n\t\t\t\t<\/div>\n\t\t\t\t<div class=\"elementor-element elementor-element-769630c elementor-widget elementor-widget-text-editor\" data-id=\"769630c\" data-element_type=\"widget\" data-widget_type=\"text-editor.default\">\n\t\t\t\t<div class=\"elementor-widget-container\">\n\t\t\t\t\t\t\t<p class=\"p1\"><span class=\"s1\">Das Projekt Aldea Laura will benachteiligten Kindern in dem kleinen Ort Chocruz im Hochland von Guatemala eine gleichberechtigte, hochwertige Bildung und eine Perspektive f\u00fcr eine bessere Zukunft vermitteln.<\/span><\/p><p class=\"p1\"><span class=\"s1\">Das bedeutet, den Kindern den Besuch einer Schule zu erm\u00f6glichen,<\/span><\/p><p class=\"p1\"><span class=\"s1\">\u2022 in der sie Lesen, Schreiben und Rechnen lernen<\/span><\/p><p class=\"p1\"><span class=\"s1\">\u2022 in der sie t\u00e4glich kostenlos Fr\u00fchst\u00fcck und Mittagessen erhalten, und<\/span><\/p><p class=\"p1\"><span class=\"s1\">\u2022 in der ihnen die Grundlagen f\u00fcr Gesundheitsf\u00fcrsorge und Hygiene vermittelt werden.<\/span><\/p>\t\t\t\t\t\t<\/div>\n\t\t\t\t<\/div>\n\t\t\t\t<div class=\"elementor-element elementor-element-8a0746c elementor-widget elementor-widget-video\" data-id=\"8a0746c\" data-element_type=\"widget\" data-settings=\"{&quot;video_type&quot;:&quot;hosted&quot;,&quot;controls&quot;:&quot;yes&quot;}\" data-widget_type=\"video.default\">\n\t\t\t\t<div class=\"elementor-widget-container\">\n\t\t\t\t\t<div class=\"e-hosted-video elementor-wrapper elementor-open-inline\">\n\t\t\t\t\t<video class=\"elementor-video\" src=\"https:\/\/aldea-laura.de\/wp-content\/uploads\/2024\/09\/0930.mp4\" controls=\"\" preload=\"metadata\" controlsList=\"nodownload\"><\/video>\n\t\t\t\t<\/div>\n\t\t\t\t<\/div>\n\t\t\t\t<\/div>\n\t\t\t\t<\/div>\n\t\t<div data-particle_enable=\"false\" data-particle-mobile-disabled=\"false\" class=\"elementor-element elementor-element-ea1396c e-con-full e-flex e-con e-child\" data-id=\"ea1396c\" data-element_type=\"container\" data-settings=\"{&quot;background_background&quot;:&quot;classic&quot;}\">\n\t\t\t\t<div class=\"elementor-element elementor-element-503a32e elementor-widget elementor-widget-image\" data-id=\"503a32e\" data-element_type=\"widget\" data-widget_type=\"image.default\">\n\t\t\t\t<div class=\"elementor-widget-container\">\n\t\t\t\t\t\t\t\t\t\t\t\t\t<img decoding=\"async\" width=\"800\" height=\"453\" src=\"https:\/\/aldea-laura.de\/wp-content\/uploads\/2024\/04\/205-1024x580.jpg\" class=\"attachment-large size-large wp-image-145\" alt=\"\" srcset=\"https:\/\/aldea-laura.de\/wp-content\/uploads\/2024\/04\/205-1024x580.jpg 1024w, https:\/\/aldea-laura.de\/wp-content\/uploads\/2024\/04\/205-300x170.jpg 300w, https:\/\/aldea-laura.de\/wp-content\/uploads\/2024\/04\/205-768x435.jpg 768w, https:\/\/aldea-laura.de\/wp-content\/uploads\/2024\/04\/205-1536x869.jpg 1536w, https:\/\/aldea-laura.de\/wp-content\/uploads\/2024\/04\/205-2048x1159.jpg 2048w\" sizes=\"(max-width: 800px) 100vw, 800px\" \/>\t\t\t\t\t\t\t\t\t\t\t\t\t<\/div>\n\t\t\t\t<\/div>\n\t\t\t\t<div class=\"elementor-element elementor-element-b248dcd elementor-widget elementor-widget-image\" data-id=\"b248dcd\" data-element_type=\"widget\" data-widget_type=\"image.default\">\n\t\t\t\t<div class=\"elementor-widget-container\">\n\t\t\t\t\t\t\t\t\t\t\t\t\t<img decoding=\"async\" width=\"800\" height=\"822\" src=\"https:\/\/aldea-laura.de\/wp-content\/uploads\/2024\/04\/213-997x1024.jpg\" class=\"attachment-large size-large wp-image-153\" alt=\"\" srcset=\"https:\/\/aldea-laura.de\/wp-content\/uploads\/2024\/04\/213-997x1024.jpg 997w, https:\/\/aldea-laura.de\/wp-content\/uploads\/2024\/04\/213-292x300.jpg 292w, https:\/\/aldea-laura.de\/wp-content\/uploads\/2024\/04\/213-768x789.jpg 768w, https:\/\/aldea-laura.de\/wp-content\/uploads\/2024\/04\/213-1496x1536.jpg 1496w, https:\/\/aldea-laura.de\/wp-content\/uploads\/2024\/04\/213-1995x2048.jpg 1995w\" sizes=\"(max-width: 800px) 100vw, 800px\" \/>\t\t\t\t\t\t\t\t\t\t\t\t\t<\/div>\n\t\t\t\t<\/div>\n\t\t\t\t<\/div>\n\t\t\t\t\t<\/div>\n\t\t\t\t<\/div>\n\t\t\t\t<\/div>\n\t\t<div data-particle_enable=\"false\" data-particle-mobile-disabled=\"false\" class=\"elementor-element elementor-element-89e273c e-flex e-con-boxed e-con e-parent\" data-id=\"89e273c\" data-element_type=\"container\">\n\t\t\t\t\t<div class=\"e-con-inner\">\n\t\t\t\t<div class=\"elementor-element elementor-element-3b06af8 elementor-widget elementor-widget-text-editor\" data-id=\"3b06af8\" data-element_type=\"widget\" data-widget_type=\"text-editor.default\">\n\t\t\t\t<div class=\"elementor-widget-container\">\n\t\t\t\t\t\t\t<p><a href=\"https:\/\/aldea-laura.de\/wp-content\/uploads\/2025\/11\/Aldea-Laura-Spendenaufruf-2025-Homepage.pdf\">Dringender Spendenaufruf<\/a><\/p><p>Link zu aktuellen Newslettern<\/p><p><a href=\"https:\/\/aldea-laura.de\/wp-content\/uploads\/2025\/12\/Aldea-Laura-Newsletter-2025-4.pdf\">Newsletter 2025-4<\/a><\/p><p><a href=\"https:\/\/aldea-laura.de\/wp-content\/uploads\/2025\/11\/Aldea-Laura-Newsletter-2025-3.pdf\">Newsletter 2025-3<\/a><\/p><p><a href=\"https:\/\/aldea-laura.de\/wp-content\/uploads\/2025\/07\/Newsletter-2025_2.pdf\">Newsletter 2025_2<\/a><\/p><p><a href=\"https:\/\/aldea-laura.de\/wp-content\/uploads\/2025\/07\/Newsletter-2025_1.pdf\">Newsletter 2025_1<\/a><\/p>\t\t\t\t\t\t<\/div>\n\t\t\t\t<\/div>\n\t\t\t\t\t<\/div>\n\t\t\t\t<\/div>\n\t\t\t\t<\/div>\n\t\t","protected":false},"excerpt":{"rendered":"<p>Das neue Schuljahr hat im Januar begonnenJedes Kind bekommt kostenlos Schulb\u00fccher, Hefte und StifteHier klickenWillkommen bei Aldea LauraDem Schulprojekt im Hochland von Guatemala Die Schulemehr InfosDie Situation vor Ortmehr InfosSo k\u00f6nnen Sie helfenWir freuen uns \u00fcber Patenschaften und Spendenmehr InfosChronikWas bisher geschehen ist &#8230;mehr Infos Vorheriger Slide N\u00e4chster Slide Den Kindern eine Zukunft Das Projekt [&hellip;]<\/p>\n","protected":false},"author":1,"featured_media":0,"parent":0,"menu_order":0,"comment_status":"closed","ping_status":"closed","template":"elementor_header_footer","meta":{"footnotes":""},"class_list":["post-25","page","type-page","status-publish","hentry"],"yoast_head":"<!-- This site is optimized with the Yoast SEO plugin v23.5 - https:\/\/yoast.com\/wordpress\/plugins\/seo\/ -->\n<title>Aktuelles - Aldea Laura<\/title>\n<meta name=\"robots\" content=\"index, follow, max-snippet:-1, max-image-preview:large, max-video-preview:-1\" \/>\n<link rel=\"canonical\" href=\"https:\/\/aldea-laura.de\/\" \/>\n<meta property=\"og:locale\" content=\"de_DE\" \/>\n<meta property=\"og:type\" content=\"article\" \/>\n<meta property=\"og:title\" content=\"Aktuelles - Aldea Laura\" \/>\n<meta property=\"og:description\" content=\"Das neue Schuljahr hat im Januar begonnenJedes Kind bekommt kostenlos Schulb\u00fccher, Hefte und StifteHier klickenWillkommen bei Aldea LauraDem Schulprojekt im Hochland von Guatemala Die Schulemehr InfosDie Situation vor Ortmehr InfosSo k\u00f6nnen Sie helfenWir freuen uns \u00fcber Patenschaften und Spendenmehr InfosChronikWas bisher geschehen ist &#8230;mehr Infos Vorheriger Slide N\u00e4chster Slide Den Kindern eine Zukunft Das Projekt [&hellip;]\" \/>\n<meta property=\"og:url\" content=\"https:\/\/aldea-laura.de\/\" \/>\n<meta property=\"og:site_name\" content=\"Aldea Laura\" \/>\n<meta property=\"article:modified_time\" content=\"2026-01-29T16:50:36+00:00\" \/>\n<meta property=\"og:image\" content=\"https:\/\/aldea-laura.de\/wp-content\/uploads\/2024\/04\/Wimpelkette.svg\" \/>\n<meta name=\"twitter:card\" content=\"summary_large_image\" \/>\n<meta name=\"twitter:label1\" content=\"Gesch\u00e4tzte Lesezeit\" \/>\n\t<meta name=\"twitter:data1\" content=\"2\u00a0Minuten\" \/>\n<script type=\"application\/ld+json\" class=\"yoast-schema-graph\">{\"@context\":\"https:\/\/schema.org\",\"@graph\":[{\"@type\":\"WebPage\",\"@id\":\"https:\/\/aldea-laura.de\/\",\"url\":\"https:\/\/aldea-laura.de\/\",\"name\":\"Aktuelles - Aldea Laura\",\"isPartOf\":{\"@id\":\"https:\/\/aldea-laura.de\/#website\"},\"primaryImageOfPage\":{\"@id\":\"https:\/\/aldea-laura.de\/#primaryimage\"},\"image\":{\"@id\":\"https:\/\/aldea-laura.de\/#primaryimage\"},\"thumbnailUrl\":\"https:\/\/aldea-laura.de\/wp-content\/uploads\/2024\/04\/Wimpelkette.svg\",\"datePublished\":\"2024-03-21T07:55:21+00:00\",\"dateModified\":\"2026-01-29T16:50:36+00:00\",\"breadcrumb\":{\"@id\":\"https:\/\/aldea-laura.de\/#breadcrumb\"},\"inLanguage\":\"de\",\"potentialAction\":[{\"@type\":\"ReadAction\",\"target\":[\"https:\/\/aldea-laura.de\/\"]}]},{\"@type\":\"ImageObject\",\"inLanguage\":\"de\",\"@id\":\"https:\/\/aldea-laura.de\/#primaryimage\",\"url\":\"https:\/\/aldea-laura.de\/wp-content\/uploads\/2024\/04\/Wimpelkette.svg\",\"contentUrl\":\"https:\/\/aldea-laura.de\/wp-content\/uploads\/2024\/04\/Wimpelkette.svg\",\"width\":2975,\"height\":72},{\"@type\":\"BreadcrumbList\",\"@id\":\"https:\/\/aldea-laura.de\/#breadcrumb\",\"itemListElement\":[{\"@type\":\"ListItem\",\"position\":1,\"name\":\"Startseite\",\"item\":\"https:\/\/aldea-laura.de\/\"},{\"@type\":\"ListItem\",\"position\":2,\"name\":\"Aktuelles\"}]},{\"@type\":\"WebSite\",\"@id\":\"https:\/\/aldea-laura.de\/#website\",\"url\":\"https:\/\/aldea-laura.de\/\",\"name\":\"Aldea Laura\",\"description\":\"Zukunft f\u00fcr Kinder e.V.\",\"publisher\":{\"@id\":\"https:\/\/aldea-laura.de\/#organization\"},\"potentialAction\":[{\"@type\":\"SearchAction\",\"target\":{\"@type\":\"EntryPoint\",\"urlTemplate\":\"https:\/\/aldea-laura.de\/?s={search_term_string}\"},\"query-input\":{\"@type\":\"PropertyValueSpecification\",\"valueRequired\":true,\"valueName\":\"search_term_string\"}}],\"inLanguage\":\"de\"},{\"@type\":\"Organization\",\"@id\":\"https:\/\/aldea-laura.de\/#organization\",\"name\":\"Aldea Laura\",\"url\":\"https:\/\/aldea-laura.de\/\",\"logo\":{\"@type\":\"ImageObject\",\"inLanguage\":\"de\",\"@id\":\"https:\/\/aldea-laura.de\/#\/schema\/logo\/image\/\",\"url\":\"https:\/\/aldea-laura.de\/wp-content\/uploads\/2024\/04\/Aldea-Laura_Logo1.jpg\",\"contentUrl\":\"https:\/\/aldea-laura.de\/wp-content\/uploads\/2024\/04\/Aldea-Laura_Logo1.jpg\",\"width\":2349,\"height\":1624,\"caption\":\"Aldea Laura\"},\"image\":{\"@id\":\"https:\/\/aldea-laura.de\/#\/schema\/logo\/image\/\"}}]}<\/script>\n<!-- \/ Yoast SEO plugin. -->","yoast_head_json":{"title":"Aktuelles - Aldea Laura","robots":{"index":"index","follow":"follow","max-snippet":"max-snippet:-1","max-image-preview":"max-image-preview:large","max-video-preview":"max-video-preview:-1"},"canonical":"https:\/\/aldea-laura.de\/","og_locale":"de_DE","og_type":"article","og_title":"Aktuelles - Aldea Laura","og_description":"Das neue Schuljahr hat im Januar begonnenJedes Kind bekommt kostenlos Schulb\u00fccher, Hefte und StifteHier klickenWillkommen bei Aldea LauraDem Schulprojekt im Hochland von Guatemala Die Schulemehr InfosDie Situation vor Ortmehr InfosSo k\u00f6nnen Sie helfenWir freuen uns \u00fcber Patenschaften und Spendenmehr InfosChronikWas bisher geschehen ist &#8230;mehr Infos Vorheriger Slide N\u00e4chster Slide Den Kindern eine Zukunft Das Projekt [&hellip;]","og_url":"https:\/\/aldea-laura.de\/","og_site_name":"Aldea Laura","article_modified_time":"2026-01-29T16:50:36+00:00","og_image":[{"url":"https:\/\/aldea-laura.de\/wp-content\/uploads\/2024\/04\/Wimpelkette.svg"}],"twitter_card":"summary_large_image","twitter_misc":{"Gesch\u00e4tzte Lesezeit":"2\u00a0Minuten"},"schema":{"@context":"https:\/\/schema.org","@graph":[{"@type":"WebPage","@id":"https:\/\/aldea-laura.de\/","url":"https:\/\/aldea-laura.de\/","name":"Aktuelles - Aldea Laura","isPartOf":{"@id":"https:\/\/aldea-laura.de\/#website"},"primaryImageOfPage":{"@id":"https:\/\/aldea-laura.de\/#primaryimage"},"image":{"@id":"https:\/\/aldea-laura.de\/#primaryimage"},"thumbnailUrl":"https:\/\/aldea-laura.de\/wp-content\/uploads\/2024\/04\/Wimpelkette.svg","datePublished":"2024-03-21T07:55:21+00:00","dateModified":"2026-01-29T16:50:36+00:00","breadcrumb":{"@id":"https:\/\/aldea-laura.de\/#breadcrumb"},"inLanguage":"de","potentialAction":[{"@type":"ReadAction","target":["https:\/\/aldea-laura.de\/"]}]},{"@type":"ImageObject","inLanguage":"de","@id":"https:\/\/aldea-laura.de\/#primaryimage","url":"https:\/\/aldea-laura.de\/wp-content\/uploads\/2024\/04\/Wimpelkette.svg","contentUrl":"https:\/\/aldea-laura.de\/wp-content\/uploads\/2024\/04\/Wimpelkette.svg","width":2975,"height":72},{"@type":"BreadcrumbList","@id":"https:\/\/aldea-laura.de\/#breadcrumb","itemListElement":[{"@type":"ListItem","position":1,"name":"Startseite","item":"https:\/\/aldea-laura.de\/"},{"@type":"ListItem","position":2,"name":"Aktuelles"}]},{"@type":"WebSite","@id":"https:\/\/aldea-laura.de\/#website","url":"https:\/\/aldea-laura.de\/","name":"Aldea Laura","description":"Zukunft f\u00fcr Kinder e.V.","publisher":{"@id":"https:\/\/aldea-laura.de\/#organization"},"potentialAction":[{"@type":"SearchAction","target":{"@type":"EntryPoint","urlTemplate":"https:\/\/aldea-laura.de\/?s={search_term_string}"},"query-input":{"@type":"PropertyValueSpecification","valueRequired":true,"valueName":"search_term_string"}}],"inLanguage":"de"},{"@type":"Organization","@id":"https:\/\/aldea-laura.de\/#organization","name":"Aldea Laura","url":"https:\/\/aldea-laura.de\/","logo":{"@type":"ImageObject","inLanguage":"de","@id":"https:\/\/aldea-laura.de\/#\/schema\/logo\/image\/","url":"https:\/\/aldea-laura.de\/wp-content\/uploads\/2024\/04\/Aldea-Laura_Logo1.jpg","contentUrl":"https:\/\/aldea-laura.de\/wp-content\/uploads\/2024\/04\/Aldea-Laura_Logo1.jpg","width":2349,"height":1624,"caption":"Aldea Laura"},"image":{"@id":"https:\/\/aldea-laura.de\/#\/schema\/logo\/image\/"}}]}},"_links":{"self":[{"href":"https:\/\/aldea-laura.de\/index.php\/wp-json\/wp\/v2\/pages\/25","targetHints":{"allow":["GET"]}}],"collection":[{"href":"https:\/\/aldea-laura.de\/index.php\/wp-json\/wp\/v2\/pages"}],"about":[{"href":"https:\/\/aldea-laura.de\/index.php\/wp-json\/wp\/v2\/types\/page"}],"author":[{"embeddable":true,"href":"https:\/\/aldea-laura.de\/index.php\/wp-json\/wp\/v2\/users\/1"}],"replies":[{"embeddable":true,"href":"https:\/\/aldea-laura.de\/index.php\/wp-json\/wp\/v2\/comments?post=25"}],"version-history":[{"count":184,"href":"https:\/\/aldea-laura.de\/index.php\/wp-json\/wp\/v2\/pages\/25\/revisions"}],"predecessor-version":[{"id":1017,"href":"https:\/\/aldea-laura.de\/index.php\/wp-json\/wp\/v2\/pages\/25\/revisions\/1017"}],"wp:attachment":[{"href":"https:\/\/aldea-laura.de\/index.php\/wp-json\/wp\/v2\/media?parent=25"}],"curies":[{"name":"wp","href":"https:\/\/api.w.org\/{rel}","templated":true}]}}