{"id":277,"date":"2024-04-16T16:10:19","date_gmt":"2024-04-16T14:10:19","guid":{"rendered":"http:\/\/wordpress-aldealaura.p574512.webspaceconfig.de\/?page_id=277"},"modified":"2025-11-19T11:27:46","modified_gmt":"2025-11-19T10:27:46","slug":"situation-vor-ort","status":"publish","type":"page","link":"https:\/\/aldea-laura.de\/index.php\/situation-vor-ort\/","title":{"rendered":"Situation vor Ort"},"content":{"rendered":"\t\t<div data-elementor-type=\"wp-page\" data-elementor-id=\"277\" class=\"elementor elementor-277\" data-elementor-post-type=\"page\">\n\t\t\t\t<div data-particle_enable=\"false\" data-particle-mobile-disabled=\"false\" class=\"elementor-element elementor-element-26aa917 e-flex e-con-boxed e-con e-parent\" data-id=\"26aa917\" data-element_type=\"container\" data-e-type=\"container\" data-settings=\"{&quot;background_background&quot;:&quot;classic&quot;}\">\n\t\t\t\t\t<div class=\"e-con-inner\">\n\t\t<div data-particle_enable=\"false\" data-particle-mobile-disabled=\"false\" class=\"elementor-element elementor-element-9f3efa1 e-con-full e-flex e-con e-child\" data-id=\"9f3efa1\" data-element_type=\"container\" data-e-type=\"container\">\n\t\t\t\t<div class=\"elementor-element elementor-element-bb20405 elementor-widget elementor-widget-heading\" data-id=\"bb20405\" data-element_type=\"widget\" data-e-type=\"widget\" data-widget_type=\"heading.default\">\n\t\t\t\t<div class=\"elementor-widget-container\">\n\t\t\t\t\t<h1 class=\"elementor-heading-title elementor-size-default\">Situation vor Ort<\/h1>\t\t\t\t<\/div>\n\t\t\t\t<\/div>\n\t\t\t\t<div class=\"elementor-element elementor-element-24bae93 elementor-widget elementor-widget-image\" data-id=\"24bae93\" data-element_type=\"widget\" data-e-type=\"widget\" data-widget_type=\"image.default\">\n\t\t\t\t<div class=\"elementor-widget-container\">\n\t\t\t\t\t\t\t\t\t\t\t\t\t\t\t<img decoding=\"async\" width=\"800\" height=\"19\" src=\"https:\/\/aldea-laura.de\/wp-content\/uploads\/2024\/04\/striche.svg\" class=\"attachment-large size-large wp-image-207\" alt=\"\" \/>\t\t\t\t\t\t\t\t\t\t\t\t\t\t\t<\/div>\n\t\t\t\t<\/div>\n\t\t\t\t<div class=\"elementor-element elementor-element-3a634a4 elementor-widget elementor-widget-image\" data-id=\"3a634a4\" data-element_type=\"widget\" data-e-type=\"widget\" data-widget_type=\"image.default\">\n\t\t\t\t<div class=\"elementor-widget-container\">\n\t\t\t\t\t\t\t\t\t\t\t\t\t\t\t<img decoding=\"async\" width=\"768\" height=\"19\" src=\"https:\/\/aldea-laura.de\/wp-content\/uploads\/2024\/04\/Wimpelkette.svg\" class=\"attachment-medium_large size-medium_large wp-image-208\" alt=\"\" \/>\t\t\t\t\t\t\t\t\t\t\t\t\t\t\t<\/div>\n\t\t\t\t<\/div>\n\t\t\t\t<\/div>\n\t\t\t\t\t<\/div>\n\t\t\t\t<\/div>\n\t\t<div data-particle_enable=\"false\" data-particle-mobile-disabled=\"false\" class=\"elementor-element elementor-element-c5f596b e-con-full e-flex e-con e-parent\" data-id=\"c5f596b\" data-element_type=\"container\" data-e-type=\"container\" data-settings=\"{&quot;background_background&quot;:&quot;classic&quot;}\">\n\t\t<div data-particle_enable=\"false\" data-particle-mobile-disabled=\"false\" class=\"elementor-element elementor-element-1df7e90 e-flex e-con-boxed e-con e-child\" data-id=\"1df7e90\" data-element_type=\"container\" data-e-type=\"container\">\n\t\t\t\t\t<div class=\"e-con-inner\">\n\t\t<div data-particle_enable=\"false\" data-particle-mobile-disabled=\"false\" class=\"elementor-element elementor-element-3c2d4e5 e-con-full e-flex e-con e-child\" data-id=\"3c2d4e5\" data-element_type=\"container\" data-e-type=\"container\">\n\t\t\t\t<div class=\"elementor-element elementor-element-6ceaf68 elementor-widget elementor-widget-heading\" data-id=\"6ceaf68\" data-element_type=\"widget\" data-e-type=\"widget\" data-widget_type=\"heading.default\">\n\t\t\t\t<div class=\"elementor-widget-container\">\n\t\t\t\t\t<h2 class=\"elementor-heading-title elementor-size-default\">Die Bev\u00f6lkerung und ihre Lebensbedingungen im Hochland<\/h2>\t\t\t\t<\/div>\n\t\t\t\t<\/div>\n\t\t\t\t<div class=\"elementor-element elementor-element-3316058 elementor-widget elementor-widget-text-editor\" data-id=\"3316058\" data-element_type=\"widget\" data-e-type=\"widget\" data-widget_type=\"text-editor.default\">\n\t\t\t\t<div class=\"elementor-widget-container\">\n\t\t\t\t\t\t\t\t\t<p class=\"p1\"><span class=\"s1\">Unser Schulprojekt befindet sich in <b>Chocruz<\/b>, einem Dorf im Hochland von Guatemala. Die \u00e4u\u00dferst bescheidenen Wohnh\u00e4user liegen relativ weit verstreut. Die n\u00e4chstgr\u00f6\u00dfere Stadt ist das etwa 8 km entfernte Momostenango.<\/span><\/p><p><span class=\"s1\"><b>Guatemala<\/b>, einer der kleinen Staaten Zentralamerikas (ungef\u00e4hr so gro\u00df wie S\u00fcddeutschland), weist eine vielf\u00e4ltige Landschaftsstruktur auf, vom fruchtbaren tropischen K\u00fcstensaum am Pazifik bis hin zum kargen, gebirgigen Hochland auf ann\u00e4hernd 3000 m Meeresh\u00f6he. \u00dcber das Jahr hinweg gibt es hier relativ milde Temperaturen, aber die N\u00e4chte k\u00f6nnen ausgesprochen kalt sein. In der Regenzeit sp\u00fclen die Wassermassen oft den Boden fort, wodurch die Anbaufl\u00e4chen stark erosionsgesch\u00e4digt sind.<\/span><\/p><p><span class=\"s1\">Die <b>Bev\u00f6lkerungsgruppe der Mayas<\/b> macht etwa die H\u00e4lfte der Gesamtbev\u00f6lkerung in Guatemala aus; daneben gibt es die Mischbev\u00f6lkerung der Ladinos, bzw. Mestizen und ca. 5% Wei\u00dfe. Das Hochland ist Mayagebiet, in den St\u00e4dten dominieren die wirtschaftlich gut gestellten Wei\u00dfen und die Ladinos.<br \/>Die Ind\u00edgenas, wie die Nachkommen der Maya genannt werden, wurden im Laufe der Zeit immer weiter in diese lebensfeindlichen Regionen im Hochland abgedr\u00e4ngt. Der letzte Vertreibungsschub erfolgte w\u00e4hrend des B\u00fcrgerkrieges (1960\u20131996). Dies ist der Hintergrund, weshalb sie sich bislang an diese ung\u00fcnstigen Lebensbedingungen nicht anpassen konnten: sie hatten keine Erfahrung mit Ackerbau und Viehzucht und konnten so keine \u00f6konomische Selbstst\u00e4ndigkeit entwickeln.<\/span><\/p>\t\t\t\t\t\t\t\t<\/div>\n\t\t\t\t<\/div>\n\t\t\t\t<\/div>\n\t\t<div data-particle_enable=\"false\" data-particle-mobile-disabled=\"false\" class=\"elementor-element elementor-element-415e3d4 e-con-full e-flex e-con e-child\" data-id=\"415e3d4\" data-element_type=\"container\" data-e-type=\"container\">\n\t\t\t\t<div class=\"elementor-element elementor-element-e43c50c elementor-widget elementor-widget-image\" data-id=\"e43c50c\" data-element_type=\"widget\" data-e-type=\"widget\" data-widget_type=\"image.default\">\n\t\t\t\t<div class=\"elementor-widget-container\">\n\t\t\t\t\t\t\t\t\t\t\t\t\t\t\t<img fetchpriority=\"high\" decoding=\"async\" width=\"359\" height=\"528\" src=\"https:\/\/aldea-laura.de\/wp-content\/uploads\/2024\/04\/302.jpg\" class=\"attachment-medium_large size-medium_large wp-image-177\" alt=\"\" srcset=\"https:\/\/aldea-laura.de\/wp-content\/uploads\/2024\/04\/302.jpg 359w, https:\/\/aldea-laura.de\/wp-content\/uploads\/2024\/04\/302-204x300.jpg 204w\" sizes=\"(max-width: 359px) 100vw, 359px\" \/>\t\t\t\t\t\t\t\t\t\t\t\t\t\t\t<\/div>\n\t\t\t\t<\/div>\n\t\t\t\t<div class=\"elementor-element elementor-element-7643881 elementor-widget elementor-widget-image\" data-id=\"7643881\" data-element_type=\"widget\" data-e-type=\"widget\" data-widget_type=\"image.default\">\n\t\t\t\t<div class=\"elementor-widget-container\">\n\t\t\t\t\t\t\t\t\t\t\t\t\t\t\t<img loading=\"lazy\" decoding=\"async\" width=\"800\" height=\"600\" src=\"https:\/\/aldea-laura.de\/wp-content\/uploads\/2024\/04\/301-1024x768.jpeg\" class=\"attachment-large size-large wp-image-176\" alt=\"\" srcset=\"https:\/\/aldea-laura.de\/wp-content\/uploads\/2024\/04\/301-1024x768.jpeg 1024w, https:\/\/aldea-laura.de\/wp-content\/uploads\/2024\/04\/301-300x225.jpeg 300w, https:\/\/aldea-laura.de\/wp-content\/uploads\/2024\/04\/301-768x576.jpeg 768w, https:\/\/aldea-laura.de\/wp-content\/uploads\/2024\/04\/301-1536x1152.jpeg 1536w, https:\/\/aldea-laura.de\/wp-content\/uploads\/2024\/04\/301.jpeg 2048w\" sizes=\"(max-width: 800px) 100vw, 800px\" \/>\t\t\t\t\t\t\t\t\t\t\t\t\t\t\t<\/div>\n\t\t\t\t<\/div>\n\t\t\t\t<\/div>\n\t\t\t\t\t<\/div>\n\t\t\t\t<\/div>\n\t\t\t\t<\/div>\n\t\t<div data-particle_enable=\"false\" data-particle-mobile-disabled=\"false\" class=\"elementor-element elementor-element-fd7834a e-con-full e-flex e-con e-parent\" data-id=\"fd7834a\" data-element_type=\"container\" data-e-type=\"container\" data-settings=\"{&quot;background_background&quot;:&quot;classic&quot;}\">\n\t\t<div data-particle_enable=\"false\" data-particle-mobile-disabled=\"false\" class=\"elementor-element elementor-element-4763008 e-flex e-con-boxed e-con e-child\" data-id=\"4763008\" data-element_type=\"container\" data-e-type=\"container\">\n\t\t\t\t\t<div class=\"e-con-inner\">\n\t\t<div data-particle_enable=\"false\" data-particle-mobile-disabled=\"false\" class=\"elementor-element elementor-element-7591418 e-con-full e-flex e-con e-child\" data-id=\"7591418\" data-element_type=\"container\" data-e-type=\"container\">\n\t\t\t\t<div class=\"elementor-element elementor-element-baaeedc elementor-widget elementor-widget-text-editor\" data-id=\"baaeedc\" data-element_type=\"widget\" data-e-type=\"widget\" data-widget_type=\"text-editor.default\">\n\t\t\t\t<div class=\"elementor-widget-container\">\n\t\t\t\t\t\t\t\t\t<p>Das <b>Leben der Mayafamilien<\/b> in der Region unseres Projektes ist wie in ganz Lateinamerika durch gro\u00dfe soziale Ungerechtigkeiten gepr\u00e4gt: da 4% der Bev\u00f6lkerung 75% der landwirtschaftlichen Nutzfl\u00e4che besitzen, bleibt f\u00fcr die Masse der indigenen Kleinbauern nur ein winziger Rest an Anbaufl\u00e4che. Die \u00c4cker sind oft so klein, dass sie kaum den Eigenbedarf der Familien decken. Gem\u00fcseanbau ist mit Ausnahme von Mais wegen der Hochlage nicht m\u00f6glich. In Chocruz gibt es praktisch keine Erwerbsm\u00f6glichkeiten, Lohnarbeit ist in dieser Region nicht vorhanden.\u00a0<\/p><p>Die Mehrzahl der M\u00e4nner ist als Kleinkaufleute unterwegs, andere arbeiten als Tagel\u00f6hner auf den Maisfeldern, manche stellen Brennholz her. Die Frauen sind mit den Kindern ans Haus gebunden, Kochen und W\u00e4schewaschen f\u00fcllen ihren Tag. Manche halten H\u00fchner und verwenden die Eier und das Fleisch f\u00fcr den Eigenbedarf oder bieten es zum Verkauf an. In vielen H\u00e4usern werden Stoffe f\u00fcr traditionelle Maya-Kleidung gewebt &#8211; schlecht bezahlte Arbeit f\u00fcr Frauen.<\/p><p>Die Familien sind sehr gro\u00df, nicht selten gibt es 4 -6 Kinder. Um das \u00dcberleben zu sichern, m\u00fcssen die Kinder regelm\u00e4\u00dfig in der Familie mitarbeiten und k\u00f6nnen daher oft keine Schule besuchen.<\/p><p class=\"p1\"><span class=\"s1\">Aus fast jeder Familie h\u00e4lt sich jemand illegal in den USA auf, um dort vor allem in der Landwirtschaft und in Gastronomiebetrieben f\u00fcr den Lebensunterhalt der Familie zuhause zu sorgen.<\/span><\/p><p class=\"p2\"><span class=\"s1\">Durch unser Schulprojekt konnten immerhin einige Arbeitspl\u00e4tze geschaffen werden.<\/span><\/p><p class=\"p1\"><span class=\"s1\"><b>Die Analphabetenrate ist hoch, <\/b>in den l\u00e4ndlichen Bereichen gibt es kaum \u00f6ffentliche Schulen. Die offizielle Landessprache ist Spanisch, die Menschen im Hochland sprechen Quich\u00e9, eine der vielen Maya-Sprachen in Guatemala.<\/span><\/p>\t\t\t\t\t\t\t\t<\/div>\n\t\t\t\t<\/div>\n\t\t\t\t<\/div>\n\t\t<div data-particle_enable=\"false\" data-particle-mobile-disabled=\"false\" class=\"elementor-element elementor-element-e4bf245 e-con-full e-flex e-con e-child\" data-id=\"e4bf245\" data-element_type=\"container\" data-e-type=\"container\">\n\t\t\t\t<div class=\"elementor-element elementor-element-4424eaf elementor-widget elementor-widget-image\" data-id=\"4424eaf\" data-element_type=\"widget\" data-e-type=\"widget\" data-widget_type=\"image.default\">\n\t\t\t\t<div class=\"elementor-widget-container\">\n\t\t\t\t\t\t\t\t\t\t\t\t\t\t\t<img loading=\"lazy\" decoding=\"async\" width=\"768\" height=\"576\" src=\"https:\/\/aldea-laura.de\/wp-content\/uploads\/2024\/04\/303-768x576.jpeg\" class=\"attachment-medium_large size-medium_large wp-image-178\" alt=\"\" srcset=\"https:\/\/aldea-laura.de\/wp-content\/uploads\/2024\/04\/303-768x576.jpeg 768w, https:\/\/aldea-laura.de\/wp-content\/uploads\/2024\/04\/303-300x225.jpeg 300w, https:\/\/aldea-laura.de\/wp-content\/uploads\/2024\/04\/303-1024x768.jpeg 1024w, https:\/\/aldea-laura.de\/wp-content\/uploads\/2024\/04\/303-1536x1152.jpeg 1536w, https:\/\/aldea-laura.de\/wp-content\/uploads\/2024\/04\/303.jpeg 2048w\" sizes=\"(max-width: 768px) 100vw, 768px\" \/>\t\t\t\t\t\t\t\t\t\t\t\t\t\t\t<\/div>\n\t\t\t\t<\/div>\n\t\t\t\t<div class=\"elementor-element elementor-element-6cf3404 elementor-widget elementor-widget-image\" data-id=\"6cf3404\" data-element_type=\"widget\" data-e-type=\"widget\" data-widget_type=\"image.default\">\n\t\t\t\t<div class=\"elementor-widget-container\">\n\t\t\t\t\t\t\t\t\t\t\t\t\t\t\t<img loading=\"lazy\" decoding=\"async\" width=\"300\" height=\"244\" src=\"https:\/\/aldea-laura.de\/wp-content\/uploads\/2024\/04\/304-300x244.jpg\" class=\"attachment-medium size-medium wp-image-179\" alt=\"\" srcset=\"https:\/\/aldea-laura.de\/wp-content\/uploads\/2024\/04\/304-300x244.jpg 300w, https:\/\/aldea-laura.de\/wp-content\/uploads\/2024\/04\/304-1024x833.jpg 1024w, https:\/\/aldea-laura.de\/wp-content\/uploads\/2024\/04\/304-768x625.jpg 768w, https:\/\/aldea-laura.de\/wp-content\/uploads\/2024\/04\/304-1536x1250.jpg 1536w, https:\/\/aldea-laura.de\/wp-content\/uploads\/2024\/04\/304-2048x1667.jpg 2048w\" sizes=\"(max-width: 300px) 100vw, 300px\" \/>\t\t\t\t\t\t\t\t\t\t\t\t\t\t\t<\/div>\n\t\t\t\t<\/div>\n\t\t\t\t<div class=\"elementor-element elementor-element-785582d elementor-widget elementor-widget-image\" data-id=\"785582d\" data-element_type=\"widget\" data-e-type=\"widget\" data-widget_type=\"image.default\">\n\t\t\t\t<div class=\"elementor-widget-container\">\n\t\t\t\t\t\t\t\t\t\t\t\t\t\t\t<img loading=\"lazy\" decoding=\"async\" width=\"768\" height=\"648\" src=\"https:\/\/aldea-laura.de\/wp-content\/uploads\/2024\/04\/306-768x648.jpg\" class=\"attachment-medium_large size-medium_large wp-image-180\" alt=\"\" srcset=\"https:\/\/aldea-laura.de\/wp-content\/uploads\/2024\/04\/306-768x648.jpg 768w, https:\/\/aldea-laura.de\/wp-content\/uploads\/2024\/04\/306-300x253.jpg 300w, https:\/\/aldea-laura.de\/wp-content\/uploads\/2024\/04\/306-1024x864.jpg 1024w, https:\/\/aldea-laura.de\/wp-content\/uploads\/2024\/04\/306-1536x1296.jpg 1536w, https:\/\/aldea-laura.de\/wp-content\/uploads\/2024\/04\/306.jpg 1930w\" sizes=\"(max-width: 768px) 100vw, 768px\" \/>\t\t\t\t\t\t\t\t\t\t\t\t\t\t\t<\/div>\n\t\t\t\t<\/div>\n\t\t\t\t<\/div>\n\t\t\t\t\t<\/div>\n\t\t\t\t<\/div>\n\t\t\t\t<\/div>\n\t\t<div data-particle_enable=\"false\" data-particle-mobile-disabled=\"false\" class=\"elementor-element elementor-element-ffd7f5f e-con-full e-flex e-con e-parent\" data-id=\"ffd7f5f\" data-element_type=\"container\" data-e-type=\"container\">\n\t\t<div data-particle_enable=\"false\" data-particle-mobile-disabled=\"false\" class=\"elementor-element elementor-element-007ddc3 e-flex e-con-boxed e-con e-child\" data-id=\"007ddc3\" data-element_type=\"container\" data-e-type=\"container\">\n\t\t\t\t\t<div class=\"e-con-inner\">\n\t\t<div data-particle_enable=\"false\" data-particle-mobile-disabled=\"false\" class=\"elementor-element elementor-element-f5bf7e3 e-con-full e-flex e-con e-child\" data-id=\"f5bf7e3\" data-element_type=\"container\" data-e-type=\"container\">\n\t\t\t\t<div class=\"elementor-element elementor-element-c7101bc elementor-widget elementor-widget-image\" data-id=\"c7101bc\" data-element_type=\"widget\" data-e-type=\"widget\" data-widget_type=\"image.default\">\n\t\t\t\t<div class=\"elementor-widget-container\">\n\t\t\t\t\t\t\t\t\t\t\t\t\t\t\t<img loading=\"lazy\" decoding=\"async\" width=\"300\" height=\"225\" src=\"https:\/\/aldea-laura.de\/wp-content\/uploads\/2024\/04\/307-300x225.jpg\" class=\"attachment-medium size-medium wp-image-181\" alt=\"\" srcset=\"https:\/\/aldea-laura.de\/wp-content\/uploads\/2024\/04\/307-300x225.jpg 300w, https:\/\/aldea-laura.de\/wp-content\/uploads\/2024\/04\/307-1024x768.jpg 1024w, https:\/\/aldea-laura.de\/wp-content\/uploads\/2024\/04\/307-768x576.jpg 768w, https:\/\/aldea-laura.de\/wp-content\/uploads\/2024\/04\/307-1536x1152.jpg 1536w, https:\/\/aldea-laura.de\/wp-content\/uploads\/2024\/04\/307-2048x1536.jpg 2048w\" sizes=\"(max-width: 300px) 100vw, 300px\" \/>\t\t\t\t\t\t\t\t\t\t\t\t\t\t\t<\/div>\n\t\t\t\t<\/div>\n\t\t\t\t<div class=\"elementor-element elementor-element-f4fbade elementor-widget elementor-widget-image\" data-id=\"f4fbade\" data-element_type=\"widget\" data-e-type=\"widget\" data-widget_type=\"image.default\">\n\t\t\t\t<div class=\"elementor-widget-container\">\n\t\t\t\t\t\t\t\t\t\t\t\t\t\t\t<img loading=\"lazy\" decoding=\"async\" width=\"800\" height=\"600\" src=\"https:\/\/aldea-laura.de\/wp-content\/uploads\/2024\/04\/310-1024x768.jpeg\" class=\"attachment-large size-large wp-image-184\" alt=\"\" srcset=\"https:\/\/aldea-laura.de\/wp-content\/uploads\/2024\/04\/310-1024x768.jpeg 1024w, https:\/\/aldea-laura.de\/wp-content\/uploads\/2024\/04\/310-300x225.jpeg 300w, https:\/\/aldea-laura.de\/wp-content\/uploads\/2024\/04\/310-768x576.jpeg 768w, https:\/\/aldea-laura.de\/wp-content\/uploads\/2024\/04\/310-1536x1152.jpeg 1536w, https:\/\/aldea-laura.de\/wp-content\/uploads\/2024\/04\/310.jpeg 2048w\" sizes=\"(max-width: 800px) 100vw, 800px\" \/>\t\t\t\t\t\t\t\t\t\t\t\t\t\t\t<\/div>\n\t\t\t\t<\/div>\n\t\t\t\t<div class=\"elementor-element elementor-element-669a841 elementor-widget elementor-widget-image\" data-id=\"669a841\" data-element_type=\"widget\" data-e-type=\"widget\" data-widget_type=\"image.default\">\n\t\t\t\t<div class=\"elementor-widget-container\">\n\t\t\t\t\t\t\t\t\t\t\t\t\t\t\t<img loading=\"lazy\" decoding=\"async\" width=\"768\" height=\"489\" src=\"https:\/\/aldea-laura.de\/wp-content\/uploads\/2024\/04\/314-768x489.jpg\" class=\"attachment-medium_large size-medium_large wp-image-188\" alt=\"\" srcset=\"https:\/\/aldea-laura.de\/wp-content\/uploads\/2024\/04\/314-768x489.jpg 768w, https:\/\/aldea-laura.de\/wp-content\/uploads\/2024\/04\/314-300x191.jpg 300w, https:\/\/aldea-laura.de\/wp-content\/uploads\/2024\/04\/314-1024x652.jpg 1024w, https:\/\/aldea-laura.de\/wp-content\/uploads\/2024\/04\/314-1536x978.jpg 1536w, https:\/\/aldea-laura.de\/wp-content\/uploads\/2024\/04\/314-2048x1304.jpg 2048w\" sizes=\"(max-width: 768px) 100vw, 768px\" \/>\t\t\t\t\t\t\t\t\t\t\t\t\t\t\t<\/div>\n\t\t\t\t<\/div>\n\t\t\t\t<\/div>\n\t\t<div data-particle_enable=\"false\" data-particle-mobile-disabled=\"false\" class=\"elementor-element elementor-element-a8df6be e-con-full e-flex e-con e-child\" data-id=\"a8df6be\" data-element_type=\"container\" data-e-type=\"container\">\n\t\t\t\t<div class=\"elementor-element elementor-element-20a90ac elementor-widget elementor-widget-heading\" data-id=\"20a90ac\" data-element_type=\"widget\" data-e-type=\"widget\" data-widget_type=\"heading.default\">\n\t\t\t\t<div class=\"elementor-widget-container\">\n\t\t\t\t\t<h2 class=\"elementor-heading-title elementor-size-default\">Die Infrastruktur<\/h2>\t\t\t\t<\/div>\n\t\t\t\t<\/div>\n\t\t\t\t<div class=\"elementor-element elementor-element-7335b96 elementor-widget elementor-widget-text-editor\" data-id=\"7335b96\" data-element_type=\"widget\" data-e-type=\"widget\" data-widget_type=\"text-editor.default\">\n\t\t\t\t<div class=\"elementor-widget-container\">\n\t\t\t\t\t\t\t\t\t<p><span class=\"s1\">Eine schmale Stra\u00dfe f\u00fchrt hinauf in das Dorf Chocruz. Da niemand \u00fcber ein Auto verf\u00fcgt, und die Bushaltestelle weit entfernt ist, m\u00fcssen die Einwohner Erledigungen in Momostenango entweder zu Fu\u00df machen oder als Anhalter um Mitnahme auf der Hauptstra\u00dfe hoffen. In Chocruz selbst gibt es keinerlei staatliche Einrichtungen. Auch Strom steht nicht immer und \u00fcberall zur Verf\u00fcgung.\u00a0<br \/><\/span><\/p><p class=\"p1\"><span class=\"s1\">Gravierend ist das <b>Trinkwasserproblem<\/b>. Lange Zeit war die Situation katastrophal, es konnte nur Oberfl\u00e4chenwasser genutzt werden. Grunds\u00e4tzlich ist die die Schule an das kommunales Trinkwassernetz angeschlossen ist. Da diese nicht zuverl\u00e4ssig funktioniert, wurden inzwischen zwei Brunnen gebohrt um die Wasserversorgung zu verbessern. Weiterhin wird das Regenwasser von Dachfl\u00e4chen gesammelt und f\u00fcr die Toilettensp\u00fclung verwendet. Die Wasserversorgung ist aber weiterhin weit davon entfernt, gut zu funktionieren. Sie steht und f\u00e4llt mit der H\u00e4ufigkeit und Ergiebigkeit der Regenf\u00e4lle.<\/span><\/p><p class=\"p2\"><span class=\"s1\">Die Klimaerw\u00e4rmung macht sich auch hier bemerkbar, die Regenf\u00e4lle werden weniger.\u00a0<\/span><\/p>\t\t\t\t\t\t\t\t<\/div>\n\t\t\t\t<\/div>\n\t\t\t\t<\/div>\n\t\t\t\t\t<\/div>\n\t\t\t\t<\/div>\n\t\t\t\t<\/div>\n\t\t<div data-particle_enable=\"false\" data-particle-mobile-disabled=\"false\" class=\"elementor-element elementor-element-7fa02cc e-con-full e-flex e-con e-parent\" data-id=\"7fa02cc\" data-element_type=\"container\" data-e-type=\"container\" data-settings=\"{&quot;background_background&quot;:&quot;classic&quot;}\">\n\t\t<div data-particle_enable=\"false\" data-particle-mobile-disabled=\"false\" class=\"elementor-element elementor-element-98eb9fa e-flex e-con-boxed e-con e-child\" data-id=\"98eb9fa\" data-element_type=\"container\" data-e-type=\"container\">\n\t\t\t\t\t<div class=\"e-con-inner\">\n\t\t<div data-particle_enable=\"false\" data-particle-mobile-disabled=\"false\" class=\"elementor-element elementor-element-59b42e9 e-con-full e-flex e-con e-child\" data-id=\"59b42e9\" data-element_type=\"container\" data-e-type=\"container\">\n\t\t\t\t<div class=\"elementor-element elementor-element-2cf4377 elementor-widget elementor-widget-heading\" data-id=\"2cf4377\" data-element_type=\"widget\" data-e-type=\"widget\" data-widget_type=\"heading.default\">\n\t\t\t\t<div class=\"elementor-widget-container\">\n\t\t\t\t\t<h2 class=\"elementor-heading-title elementor-size-default\">Medizinische Versorgung<\/h2>\t\t\t\t<\/div>\n\t\t\t\t<\/div>\n\t\t\t\t<div class=\"elementor-element elementor-element-5565c2f elementor-widget elementor-widget-text-editor\" data-id=\"5565c2f\" data-element_type=\"widget\" data-e-type=\"widget\" data-widget_type=\"text-editor.default\">\n\t\t\t\t<div class=\"elementor-widget-container\">\n\t\t\t\t\t\t\t\t\t<p class=\"p1\"><span class=\"s1\">Ein staatliches Gesundheitswesen ist in Guatemala im l\u00e4ndlichen Bereich h\u00e4ufig nicht vorhanden.<\/span><\/p>\n<p class=\"p1\"><span class=\"s1\">Die Menschen in Chocruz leiden unter <b>Mangelern\u00e4hrung<\/b> und <b>schlechten hygienischen Verh\u00e4ltnissen<\/b> \u2013 beides beg\u00fcnstigt die Entstehung von Krankheiten und sorgt f\u00fcr eine hohe Kindersterblichkeit<\/span><span class=\"s2\">.<span class=\"Apple-converted-space\">&nbsp;<\/span><\/span><\/p>\n<p class=\"p1\"><span class=\"s1\">Atemwegsinfektionen, Durchfall- und Wurmbefallserkrankungen, massive Karies und Mangelern\u00e4hrung kennzeichneten den Gesundheitszustand vieler Kinder.<\/span><\/p>\n<p class=\"p1\"><span class=\"s1\">Nur in gro\u00dfen Abst\u00e4nden kam eine \u00c4rztin in die Region. Erst der Verein \u201eMirador e.V.\u201c aus Leipzig, der \u00fcber die deutsche Botschaft in Guatemala Kontakt zur Schule herstellen konnte, hat auf dem Grundst\u00fcck der Schule eine <b>Krankenstation<\/b> errichtet, die im Juni 2012 eingeweiht wurde.&nbsp; Zwei ehemalige Sch\u00fclerinnen unserer Schule durchliefen eine Hebammen- bzw. Krankenschwesterausbildung, um diese \u201e<i>Clinica Renate H\u00e4nsler<\/i>\u201c zu betreuen. Regelm\u00e4\u00dfig kommt nun auch eine \u00c4rztin, um dort ihre Sprechstunde abzuhalten \u2013 ein gro\u00dfer Fortschritt hin zu besserer Beratung, mehr Hygiene und fr\u00fchzeitiger Erkennung von Mangelern\u00e4hrung und Krankheiten.<\/span><\/p>\t\t\t\t\t\t\t\t<\/div>\n\t\t\t\t<\/div>\n\t\t\t\t<\/div>\n\t\t<div data-particle_enable=\"false\" data-particle-mobile-disabled=\"false\" class=\"elementor-element elementor-element-5f3c904 e-con-full e-flex e-con e-child\" data-id=\"5f3c904\" data-element_type=\"container\" data-e-type=\"container\">\n\t\t\t\t<div class=\"elementor-element elementor-element-df41981 elementor-widget elementor-widget-image\" data-id=\"df41981\" data-element_type=\"widget\" data-e-type=\"widget\" data-widget_type=\"image.default\">\n\t\t\t\t<div class=\"elementor-widget-container\">\n\t\t\t\t\t\t\t\t\t\t\t\t\t\t\t<img loading=\"lazy\" decoding=\"async\" width=\"2560\" height=\"1465\" src=\"https:\/\/aldea-laura.de\/wp-content\/uploads\/2024\/04\/603-scaled.jpg\" class=\"attachment-full size-full wp-image-199\" alt=\"\" srcset=\"https:\/\/aldea-laura.de\/wp-content\/uploads\/2024\/04\/603-scaled.jpg 2560w, https:\/\/aldea-laura.de\/wp-content\/uploads\/2024\/04\/603-300x172.jpg 300w, https:\/\/aldea-laura.de\/wp-content\/uploads\/2024\/04\/603-1024x586.jpg 1024w, https:\/\/aldea-laura.de\/wp-content\/uploads\/2024\/04\/603-768x440.jpg 768w, https:\/\/aldea-laura.de\/wp-content\/uploads\/2024\/04\/603-1536x879.jpg 1536w, https:\/\/aldea-laura.de\/wp-content\/uploads\/2024\/04\/603-2048x1172.jpg 2048w\" sizes=\"(max-width: 2560px) 100vw, 2560px\" \/>\t\t\t\t\t\t\t\t\t\t\t\t\t\t\t<\/div>\n\t\t\t\t<\/div>\n\t\t\t\t<\/div>\n\t\t\t\t\t<\/div>\n\t\t\t\t<\/div>\n\t\t\t\t<\/div>\n\t\t\t\t<\/div>\n\t\t","protected":false},"excerpt":{"rendered":"<p>Situation vor Ort Die Bev\u00f6lkerung und ihre Lebensbedingungen im Hochland Unser Schulprojekt befindet sich in Chocruz, einem Dorf im Hochland von Guatemala. Die \u00e4u\u00dferst bescheidenen Wohnh\u00e4user liegen relativ weit verstreut. Die n\u00e4chstgr\u00f6\u00dfere Stadt ist das etwa 8 km entfernte Momostenango. Guatemala, einer der kleinen Staaten Zentralamerikas (ungef\u00e4hr so gro\u00df wie S\u00fcddeutschland), weist eine vielf\u00e4ltige Landschaftsstruktur [&hellip;]<\/p>\n","protected":false},"author":3,"featured_media":0,"parent":0,"menu_order":0,"comment_status":"closed","ping_status":"closed","template":"elementor_header_footer","meta":{"footnotes":""},"class_list":["post-277","page","type-page","status-publish","hentry"],"_links":{"self":[{"href":"https:\/\/aldea-laura.de\/index.php\/wp-json\/wp\/v2\/pages\/277","targetHints":{"allow":["GET"]}}],"collection":[{"href":"https:\/\/aldea-laura.de\/index.php\/wp-json\/wp\/v2\/pages"}],"about":[{"href":"https:\/\/aldea-laura.de\/index.php\/wp-json\/wp\/v2\/types\/page"}],"author":[{"embeddable":true,"href":"https:\/\/aldea-laura.de\/index.php\/wp-json\/wp\/v2\/users\/3"}],"replies":[{"embeddable":true,"href":"https:\/\/aldea-laura.de\/index.php\/wp-json\/wp\/v2\/comments?post=277"}],"version-history":[{"count":38,"href":"https:\/\/aldea-laura.de\/index.php\/wp-json\/wp\/v2\/pages\/277\/revisions"}],"predecessor-version":[{"id":909,"href":"https:\/\/aldea-laura.de\/index.php\/wp-json\/wp\/v2\/pages\/277\/revisions\/909"}],"wp:attachment":[{"href":"https:\/\/aldea-laura.de\/index.php\/wp-json\/wp\/v2\/media?parent=277"}],"curies":[{"name":"wp","href":"https:\/\/api.w.org\/{rel}","templated":true}]}}