{"id":31,"date":"2024-03-21T08:55:21","date_gmt":"2024-03-21T07:55:21","guid":{"rendered":"http:\/\/wordpress-aldealaura.p574512.webspaceconfig.de\/index.php\/service\/"},"modified":"2025-12-22T10:22:35","modified_gmt":"2025-12-22T09:22:35","slug":"service","status":"publish","type":"page","link":"https:\/\/aldea-laura.de\/index.php\/service\/","title":{"rendered":"Helfen"},"content":{"rendered":"\t\t<div data-elementor-type=\"wp-page\" data-elementor-id=\"31\" class=\"elementor elementor-31\" data-elementor-post-type=\"page\">\n\t\t\t\t<div data-particle_enable=\"false\" data-particle-mobile-disabled=\"false\" class=\"elementor-element elementor-element-454f176f e-flex e-con-boxed e-con e-parent\" data-id=\"454f176f\" data-element_type=\"container\" data-settings=\"{&quot;background_background&quot;:&quot;classic&quot;}\">\n\t\t\t\t\t<div class=\"e-con-inner\">\n\t\t<div data-particle_enable=\"false\" data-particle-mobile-disabled=\"false\" class=\"elementor-element elementor-element-7949ed9a e-con-full e-flex e-con e-child\" data-id=\"7949ed9a\" data-element_type=\"container\">\n\t\t\t\t<div class=\"elementor-element elementor-element-2dcf1935 elementor-widget elementor-widget-heading\" data-id=\"2dcf1935\" data-element_type=\"widget\" data-widget_type=\"heading.default\">\n\t\t\t\t<div class=\"elementor-widget-container\">\n\t\t\t<h1 class=\"elementor-heading-title elementor-size-default\">Helfen<\/h1>\t\t<\/div>\n\t\t\t\t<\/div>\n\t\t\t\t<div class=\"elementor-element elementor-element-57463185 elementor-widget elementor-widget-image\" data-id=\"57463185\" data-element_type=\"widget\" data-widget_type=\"image.default\">\n\t\t\t\t<div class=\"elementor-widget-container\">\n\t\t\t\t\t\t\t\t\t\t\t\t\t<img decoding=\"async\" width=\"800\" height=\"19\" src=\"https:\/\/aldea-laura.de\/wp-content\/uploads\/2024\/04\/striche.svg\" class=\"attachment-large size-large wp-image-207\" alt=\"\" \/>\t\t\t\t\t\t\t\t\t\t\t\t\t<\/div>\n\t\t\t\t<\/div>\n\t\t\t\t<div class=\"elementor-element elementor-element-2bc97 elementor-widget elementor-widget-image\" data-id=\"2bc97\" data-element_type=\"widget\" data-widget_type=\"image.default\">\n\t\t\t\t<div class=\"elementor-widget-container\">\n\t\t\t\t\t\t\t\t\t\t\t\t\t<img decoding=\"async\" width=\"768\" height=\"19\" src=\"https:\/\/aldea-laura.de\/wp-content\/uploads\/2024\/04\/Wimpelkette.svg\" class=\"attachment-medium_large size-medium_large wp-image-208\" alt=\"\" \/>\t\t\t\t\t\t\t\t\t\t\t\t\t<\/div>\n\t\t\t\t<\/div>\n\t\t\t\t<\/div>\n\t\t\t\t\t<\/div>\n\t\t\t\t<\/div>\n\t\t<div data-particle_enable=\"false\" data-particle-mobile-disabled=\"false\" class=\"elementor-element elementor-element-72063b7 e-flex e-con-boxed e-con e-parent\" data-id=\"72063b7\" data-element_type=\"container\" data-settings=\"{&quot;background_background&quot;:&quot;classic&quot;}\">\n\t\t\t\t\t<div class=\"e-con-inner\">\n\t\t<div data-particle_enable=\"false\" data-particle-mobile-disabled=\"false\" class=\"elementor-element elementor-element-f03c43e e-flex e-con-boxed e-con e-child\" data-id=\"f03c43e\" data-element_type=\"container\">\n\t\t\t\t\t<div class=\"e-con-inner\">\n\t\t\t\t<div class=\"elementor-element elementor-element-315c0d4 elementor-widget elementor-widget-image\" data-id=\"315c0d4\" data-element_type=\"widget\" data-widget_type=\"image.default\">\n\t\t\t\t<div class=\"elementor-widget-container\">\n\t\t\t\t\t\t\t\t\t\t\t\t\t<img fetchpriority=\"high\" decoding=\"async\" width=\"800\" height=\"450\" src=\"https:\/\/aldea-laura.de\/wp-content\/uploads\/2024\/04\/401-1024x576.jpg\" class=\"attachment-large size-large wp-image-190\" alt=\"\" srcset=\"https:\/\/aldea-laura.de\/wp-content\/uploads\/2024\/04\/401-1024x576.jpg 1024w, https:\/\/aldea-laura.de\/wp-content\/uploads\/2024\/04\/401-300x169.jpg 300w, https:\/\/aldea-laura.de\/wp-content\/uploads\/2024\/04\/401-768x432.jpg 768w, https:\/\/aldea-laura.de\/wp-content\/uploads\/2024\/04\/401-1536x864.jpg 1536w, https:\/\/aldea-laura.de\/wp-content\/uploads\/2024\/04\/401-2048x1151.jpg 2048w\" sizes=\"(max-width: 800px) 100vw, 800px\" \/>\t\t\t\t\t\t\t\t\t\t\t\t\t<\/div>\n\t\t\t\t<\/div>\n\t\t\t\t<div class=\"elementor-element elementor-element-76a9b55 elementor-widget elementor-widget-text-editor\" data-id=\"76a9b55\" data-element_type=\"widget\" data-widget_type=\"text-editor.default\">\n\t\t\t\t<div class=\"elementor-widget-container\">\n\t\t\t\t\t\t\t<p class=\"p1\"><span class=\"s1\">Das Schulprojekt in Chocruz wird seit 1996 ausschlie\u00dflich durch Spenden und Patenschaften finanziert, insgesamt wurden ca. 1,5 Mio \u20ac f\u00fcr die Bildung der Kinder gespendet.<\/span><\/p><p class=\"p1\"><span class=\"s1\"><b>Denn wir sind \u00fcberzeugt: Bildung \u00f6ffnet nachhaltig den Weg aus der Armut. Jeder Euro, den Sie spenden, leistet einen unersetzlich wertvollen Beitrag f\u00fcr eine bessere Zukunft der Kinder.<\/b><\/span><\/p>\t\t\t\t\t\t<\/div>\n\t\t\t\t<\/div>\n\t\t\t\t\t<\/div>\n\t\t\t\t<\/div>\n\t\t\t\t\t<\/div>\n\t\t\t\t<\/div>\n\t\t<div data-particle_enable=\"false\" data-particle-mobile-disabled=\"false\" class=\"elementor-element elementor-element-b2506c5 e-flex e-con-boxed e-con e-parent\" data-id=\"b2506c5\" data-element_type=\"container\" data-settings=\"{&quot;background_background&quot;:&quot;classic&quot;}\">\n\t\t\t\t\t<div class=\"e-con-inner\">\n\t\t<div data-particle_enable=\"false\" data-particle-mobile-disabled=\"false\" class=\"elementor-element elementor-element-be62c50 e-flex e-con-boxed e-con e-child\" data-id=\"be62c50\" data-element_type=\"container\">\n\t\t\t\t\t<div class=\"e-con-inner\">\n\t\t\t\t<div class=\"elementor-element elementor-element-5b63b5c elementor-widget elementor-widget-text-editor\" data-id=\"5b63b5c\" data-element_type=\"widget\" data-widget_type=\"text-editor.default\">\n\t\t\t\t<div class=\"elementor-widget-container\">\n\t\t\t\t\t\t\t<h2 class=\"p1\"><span class=\"s1\"><b>So k\u00f6nnen Sie helfen:<\/b><\/span><\/h2><p class=\"p1\"><strong><span style=\"text-align: var(--text-align);\">MITGLIEDSCHAFT:<\/span><\/strong><\/p><p class=\"p1\"><span class=\"s1\">31 \u20ac pro Jahr f\u00fcr Einzelmitgliedschaft<\/span><\/p><p class=\"p1\"><span class=\"s1\">50 \u20ac pro Jahr f\u00fcr Familienmitgliedschaft<span class=\"Apple-converted-space\">\u00a0<\/span><\/span><\/p><p class=\"p1\"><span class=\"s1\">12 \u20ac pro Jahr f\u00fcr Sch\u00fcler, Auszubildende und Studierende<span class=\"Apple-converted-space\">\u00a0 \u00a0 <br \/><\/span><\/span><\/p>\t\t\t\t\t\t<\/div>\n\t\t\t\t<\/div>\n\t\t\t\t<div class=\"elementor-element elementor-element-3164f26 elementor-widget elementor-widget-text-editor\" data-id=\"3164f26\" data-element_type=\"widget\" data-widget_type=\"text-editor.default\">\n\t\t\t\t<div class=\"elementor-widget-container\">\n\t\t\t\t\t\t\t<p class=\"p1\"><strong><span class=\"s1\">PATENSCHAFT:<\/span><\/strong><\/p><p class=\"p1\"><span class=\"s1\">45 \u20ac pro Monat erm\u00f6glichen einem Kind den Schulbesuch<br \/><br \/>(Seite ausdrucken, ausf\u00fcllen <\/span>und per Post oder E-Mail senden)<\/p>\t\t\t\t\t\t<\/div>\n\t\t\t\t<\/div>\n\t\t\t\t<div class=\"elementor-element elementor-element-a4ac6fc elementor-widget elementor-widget-button\" data-id=\"a4ac6fc\" data-element_type=\"widget\" data-widget_type=\"button.default\">\n\t\t\t\t<div class=\"elementor-widget-container\">\n\t\t\t\t\t<div class=\"elementor-button-wrapper\">\n\t\t\t<a class=\"elementor-button elementor-button-link elementor-size-sm\" href=\"https:\/\/aldea-laura.de\/wp-content\/uploads\/2025\/01\/Anmeldung_A4_1-seitig_V2-0.pdf\">\n\t\t\t\t\t\t<span class=\"elementor-button-content-wrapper\">\n\t\t\t\t\t\t\t\t\t<span class=\"elementor-button-text\">Mitglied werden<\/span>\n\t\t\t\t\t<\/span>\n\t\t\t\t\t<\/a>\n\t\t<\/div>\n\t\t\t\t<\/div>\n\t\t\t\t<\/div>\n\t\t\t\t<div class=\"elementor-element elementor-element-f73a2cb elementor-widget elementor-widget-text-editor\" data-id=\"f73a2cb\" data-element_type=\"widget\" data-widget_type=\"text-editor.default\">\n\t\t\t\t<div class=\"elementor-widget-container\">\n\t\t\t\t\t\t\t<p class=\"p1\"><strong><span class=\"s1\">SPENDEN:<\/span><\/strong><\/p><p class=\"p1\"><span class=\"s1\">Jede Spende kommt zu 100% dem Schulprojekt zugute. Die Mitarbeit im Verein\u00a0<\/span><span class=\"s1\">erfolgt ehrenamtlich. <br \/><\/span><span class=\"s1\">Aldea Laura ist als gemeinn\u00fctziger Verein berechtigt,<span class=\"Apple-converted-space\">\u00a0<\/span><\/span><span class=\"s1\">Zuwendungsbescheinigungen auszustellen.<\/span><span class=\"s1\">\u00a0<\/span><\/p><p class=\"p3\"><strong><span class=\"s1\">Spendenkonto: Aldea Laura e.V., Evangelische Bank eG, Kassel<br \/>IBAN DE84 5206 0410 0007 8190 21, BIC GENODEF1EK1<\/span><\/strong><\/p><p class=\"p3\"><strong><span class=\"s1\">Sofort spenden per PayPal:<\/span><\/strong><\/p>\t\t\t\t\t\t<\/div>\n\t\t\t\t<\/div>\n\t\t\t\t<div class=\"elementor-element elementor-element-1548fff elementor-widget elementor-widget-html\" data-id=\"1548fff\" data-element_type=\"widget\" data-widget_type=\"html.default\">\n\t\t\t\t<div class=\"elementor-widget-container\">\n\t\t\t<form action=\"https:\/\/www.paypal.com\/donate\" method=\"post\" target=\"_top\">\n<input type=\"hidden\" name=\"hosted_button_id\" value=\"QRWHUJC9ZHL2U\" \/>\n<input type=\"image\" src=\"https:\/\/www.paypalobjects.com\/de_DE\/DE\/i\/btn\/btn_donate_LG.gif\" border=\"0\" name=\"submit\" title=\"PayPal - The safer, easier way to pay online!\" alt=\"Spenden mit dem PayPal-Button\" \/>\n<img loading=\"lazy\" decoding=\"async\" alt=\"\" border=\"0\" src=\"https:\/\/www.paypal.com\/de_DE\/i\/scr\/pixel.gif\" width=\"1\" height=\"1\" \/>\n<\/form>\t\t<\/div>\n\t\t\t\t<\/div>\n\t\t\t\t\t<\/div>\n\t\t\t\t<\/div>\n\t\t\t\t\t<\/div>\n\t\t\t\t<\/div>\n\t\t\t\t<\/div>\n\t\t","protected":false},"excerpt":{"rendered":"<p>Helfen Das Schulprojekt in Chocruz wird seit 1996 ausschlie\u00dflich durch Spenden und Patenschaften finanziert, insgesamt wurden ca. 1,5 Mio \u20ac f\u00fcr die Bildung der Kinder gespendet. Denn wir sind \u00fcberzeugt: Bildung \u00f6ffnet nachhaltig den Weg aus der Armut. Jeder Euro, den Sie spenden, leistet einen unersetzlich wertvollen Beitrag f\u00fcr eine bessere Zukunft der Kinder. So [&hellip;]<\/p>\n","protected":false},"author":1,"featured_media":0,"parent":0,"menu_order":0,"comment_status":"closed","ping_status":"closed","template":"","meta":{"footnotes":""},"class_list":["post-31","page","type-page","status-publish","hentry"],"yoast_head":"<!-- This site is optimized with the Yoast SEO plugin v23.5 - https:\/\/yoast.com\/wordpress\/plugins\/seo\/ -->\n<title>Helfen - Aldea Laura<\/title>\n<meta name=\"robots\" content=\"index, follow, max-snippet:-1, max-image-preview:large, max-video-preview:-1\" \/>\n<link rel=\"canonical\" href=\"https:\/\/aldea-laura.de\/index.php\/service\/\" \/>\n<meta property=\"og:locale\" content=\"de_DE\" \/>\n<meta property=\"og:type\" content=\"article\" \/>\n<meta property=\"og:title\" content=\"Helfen - Aldea Laura\" \/>\n<meta property=\"og:description\" content=\"Helfen Das Schulprojekt in Chocruz wird seit 1996 ausschlie\u00dflich durch Spenden und Patenschaften finanziert, insgesamt wurden ca. 1,5 Mio \u20ac f\u00fcr die Bildung der Kinder gespendet. Denn wir sind \u00fcberzeugt: Bildung \u00f6ffnet nachhaltig den Weg aus der Armut. Jeder Euro, den Sie spenden, leistet einen unersetzlich wertvollen Beitrag f\u00fcr eine bessere Zukunft der Kinder. So [&hellip;]\" \/>\n<meta property=\"og:url\" content=\"https:\/\/aldea-laura.de\/index.php\/service\/\" \/>\n<meta property=\"og:site_name\" content=\"Aldea Laura\" \/>\n<meta property=\"article:modified_time\" content=\"2025-12-22T09:22:35+00:00\" \/>\n<meta property=\"og:image\" content=\"https:\/\/aldea-laura.de\/wp-content\/uploads\/2024\/04\/striche.svg\" \/>\n<meta name=\"twitter:card\" content=\"summary_large_image\" \/>\n<meta name=\"twitter:label1\" content=\"Gesch\u00e4tzte Lesezeit\" \/>\n\t<meta name=\"twitter:data1\" content=\"2\u00a0Minuten\" \/>\n<script type=\"application\/ld+json\" class=\"yoast-schema-graph\">{\"@context\":\"https:\/\/schema.org\",\"@graph\":[{\"@type\":\"WebPage\",\"@id\":\"https:\/\/aldea-laura.de\/index.php\/service\/\",\"url\":\"https:\/\/aldea-laura.de\/index.php\/service\/\",\"name\":\"Helfen - Aldea Laura\",\"isPartOf\":{\"@id\":\"https:\/\/aldea-laura.de\/#website\"},\"primaryImageOfPage\":{\"@id\":\"https:\/\/aldea-laura.de\/index.php\/service\/#primaryimage\"},\"image\":{\"@id\":\"https:\/\/aldea-laura.de\/index.php\/service\/#primaryimage\"},\"thumbnailUrl\":\"https:\/\/aldea-laura.de\/wp-content\/uploads\/2024\/04\/striche.svg\",\"datePublished\":\"2024-03-21T07:55:21+00:00\",\"dateModified\":\"2025-12-22T09:22:35+00:00\",\"breadcrumb\":{\"@id\":\"https:\/\/aldea-laura.de\/index.php\/service\/#breadcrumb\"},\"inLanguage\":\"de\",\"potentialAction\":[{\"@type\":\"ReadAction\",\"target\":[\"https:\/\/aldea-laura.de\/index.php\/service\/\"]}]},{\"@type\":\"ImageObject\",\"inLanguage\":\"de\",\"@id\":\"https:\/\/aldea-laura.de\/index.php\/service\/#primaryimage\",\"url\":\"https:\/\/aldea-laura.de\/wp-content\/uploads\/2024\/04\/striche.svg\",\"contentUrl\":\"https:\/\/aldea-laura.de\/wp-content\/uploads\/2024\/04\/striche.svg\",\"width\":2975,\"height\":72},{\"@type\":\"BreadcrumbList\",\"@id\":\"https:\/\/aldea-laura.de\/index.php\/service\/#breadcrumb\",\"itemListElement\":[{\"@type\":\"ListItem\",\"position\":1,\"name\":\"Startseite\",\"item\":\"https:\/\/aldea-laura.de\/\"},{\"@type\":\"ListItem\",\"position\":2,\"name\":\"Helfen\"}]},{\"@type\":\"WebSite\",\"@id\":\"https:\/\/aldea-laura.de\/#website\",\"url\":\"https:\/\/aldea-laura.de\/\",\"name\":\"Aldea Laura\",\"description\":\"Zukunft f\u00fcr Kinder e.V.\",\"publisher\":{\"@id\":\"https:\/\/aldea-laura.de\/#organization\"},\"potentialAction\":[{\"@type\":\"SearchAction\",\"target\":{\"@type\":\"EntryPoint\",\"urlTemplate\":\"https:\/\/aldea-laura.de\/?s={search_term_string}\"},\"query-input\":{\"@type\":\"PropertyValueSpecification\",\"valueRequired\":true,\"valueName\":\"search_term_string\"}}],\"inLanguage\":\"de\"},{\"@type\":\"Organization\",\"@id\":\"https:\/\/aldea-laura.de\/#organization\",\"name\":\"Aldea Laura\",\"url\":\"https:\/\/aldea-laura.de\/\",\"logo\":{\"@type\":\"ImageObject\",\"inLanguage\":\"de\",\"@id\":\"https:\/\/aldea-laura.de\/#\/schema\/logo\/image\/\",\"url\":\"https:\/\/aldea-laura.de\/wp-content\/uploads\/2024\/04\/Aldea-Laura_Logo1.jpg\",\"contentUrl\":\"https:\/\/aldea-laura.de\/wp-content\/uploads\/2024\/04\/Aldea-Laura_Logo1.jpg\",\"width\":2349,\"height\":1624,\"caption\":\"Aldea Laura\"},\"image\":{\"@id\":\"https:\/\/aldea-laura.de\/#\/schema\/logo\/image\/\"}}]}<\/script>\n<!-- \/ Yoast SEO plugin. -->","yoast_head_json":{"title":"Helfen - Aldea Laura","robots":{"index":"index","follow":"follow","max-snippet":"max-snippet:-1","max-image-preview":"max-image-preview:large","max-video-preview":"max-video-preview:-1"},"canonical":"https:\/\/aldea-laura.de\/index.php\/service\/","og_locale":"de_DE","og_type":"article","og_title":"Helfen - Aldea Laura","og_description":"Helfen Das Schulprojekt in Chocruz wird seit 1996 ausschlie\u00dflich durch Spenden und Patenschaften finanziert, insgesamt wurden ca. 1,5 Mio \u20ac f\u00fcr die Bildung der Kinder gespendet. Denn wir sind \u00fcberzeugt: Bildung \u00f6ffnet nachhaltig den Weg aus der Armut. Jeder Euro, den Sie spenden, leistet einen unersetzlich wertvollen Beitrag f\u00fcr eine bessere Zukunft der Kinder. So [&hellip;]","og_url":"https:\/\/aldea-laura.de\/index.php\/service\/","og_site_name":"Aldea Laura","article_modified_time":"2025-12-22T09:22:35+00:00","og_image":[{"url":"https:\/\/aldea-laura.de\/wp-content\/uploads\/2024\/04\/striche.svg"}],"twitter_card":"summary_large_image","twitter_misc":{"Gesch\u00e4tzte Lesezeit":"2\u00a0Minuten"},"schema":{"@context":"https:\/\/schema.org","@graph":[{"@type":"WebPage","@id":"https:\/\/aldea-laura.de\/index.php\/service\/","url":"https:\/\/aldea-laura.de\/index.php\/service\/","name":"Helfen - Aldea Laura","isPartOf":{"@id":"https:\/\/aldea-laura.de\/#website"},"primaryImageOfPage":{"@id":"https:\/\/aldea-laura.de\/index.php\/service\/#primaryimage"},"image":{"@id":"https:\/\/aldea-laura.de\/index.php\/service\/#primaryimage"},"thumbnailUrl":"https:\/\/aldea-laura.de\/wp-content\/uploads\/2024\/04\/striche.svg","datePublished":"2024-03-21T07:55:21+00:00","dateModified":"2025-12-22T09:22:35+00:00","breadcrumb":{"@id":"https:\/\/aldea-laura.de\/index.php\/service\/#breadcrumb"},"inLanguage":"de","potentialAction":[{"@type":"ReadAction","target":["https:\/\/aldea-laura.de\/index.php\/service\/"]}]},{"@type":"ImageObject","inLanguage":"de","@id":"https:\/\/aldea-laura.de\/index.php\/service\/#primaryimage","url":"https:\/\/aldea-laura.de\/wp-content\/uploads\/2024\/04\/striche.svg","contentUrl":"https:\/\/aldea-laura.de\/wp-content\/uploads\/2024\/04\/striche.svg","width":2975,"height":72},{"@type":"BreadcrumbList","@id":"https:\/\/aldea-laura.de\/index.php\/service\/#breadcrumb","itemListElement":[{"@type":"ListItem","position":1,"name":"Startseite","item":"https:\/\/aldea-laura.de\/"},{"@type":"ListItem","position":2,"name":"Helfen"}]},{"@type":"WebSite","@id":"https:\/\/aldea-laura.de\/#website","url":"https:\/\/aldea-laura.de\/","name":"Aldea Laura","description":"Zukunft f\u00fcr Kinder e.V.","publisher":{"@id":"https:\/\/aldea-laura.de\/#organization"},"potentialAction":[{"@type":"SearchAction","target":{"@type":"EntryPoint","urlTemplate":"https:\/\/aldea-laura.de\/?s={search_term_string}"},"query-input":{"@type":"PropertyValueSpecification","valueRequired":true,"valueName":"search_term_string"}}],"inLanguage":"de"},{"@type":"Organization","@id":"https:\/\/aldea-laura.de\/#organization","name":"Aldea Laura","url":"https:\/\/aldea-laura.de\/","logo":{"@type":"ImageObject","inLanguage":"de","@id":"https:\/\/aldea-laura.de\/#\/schema\/logo\/image\/","url":"https:\/\/aldea-laura.de\/wp-content\/uploads\/2024\/04\/Aldea-Laura_Logo1.jpg","contentUrl":"https:\/\/aldea-laura.de\/wp-content\/uploads\/2024\/04\/Aldea-Laura_Logo1.jpg","width":2349,"height":1624,"caption":"Aldea Laura"},"image":{"@id":"https:\/\/aldea-laura.de\/#\/schema\/logo\/image\/"}}]}},"_links":{"self":[{"href":"https:\/\/aldea-laura.de\/index.php\/wp-json\/wp\/v2\/pages\/31","targetHints":{"allow":["GET"]}}],"collection":[{"href":"https:\/\/aldea-laura.de\/index.php\/wp-json\/wp\/v2\/pages"}],"about":[{"href":"https:\/\/aldea-laura.de\/index.php\/wp-json\/wp\/v2\/types\/page"}],"author":[{"embeddable":true,"href":"https:\/\/aldea-laura.de\/index.php\/wp-json\/wp\/v2\/users\/1"}],"replies":[{"embeddable":true,"href":"https:\/\/aldea-laura.de\/index.php\/wp-json\/wp\/v2\/comments?post=31"}],"version-history":[{"count":75,"href":"https:\/\/aldea-laura.de\/index.php\/wp-json\/wp\/v2\/pages\/31\/revisions"}],"predecessor-version":[{"id":987,"href":"https:\/\/aldea-laura.de\/index.php\/wp-json\/wp\/v2\/pages\/31\/revisions\/987"}],"wp:attachment":[{"href":"https:\/\/aldea-laura.de\/index.php\/wp-json\/wp\/v2\/media?parent=31"}],"curies":[{"name":"wp","href":"https:\/\/api.w.org\/{rel}","templated":true}]}}