{"id":322,"date":"2024-04-17T16:25:35","date_gmt":"2024-04-17T14:25:35","guid":{"rendered":"http:\/\/wordpress-aldealaura.p574512.webspaceconfig.de\/?page_id=322"},"modified":"2025-01-17T11:16:19","modified_gmt":"2025-01-17T10:16:19","slug":"chronik","status":"publish","type":"page","link":"https:\/\/aldea-laura.de\/index.php\/chronik\/","title":{"rendered":"Chronik"},"content":{"rendered":"\t\t<div data-elementor-type=\"wp-page\" data-elementor-id=\"322\" class=\"elementor elementor-322\" data-elementor-post-type=\"page\">\n\t\t\t\t<div data-particle_enable=\"false\" data-particle-mobile-disabled=\"false\" class=\"elementor-element elementor-element-54a3025 e-flex e-con-boxed e-con e-parent\" data-id=\"54a3025\" data-element_type=\"container\" data-e-type=\"container\" data-settings=\"{&quot;background_background&quot;:&quot;classic&quot;}\">\n\t\t\t\t\t<div class=\"e-con-inner\">\n\t\t<div data-particle_enable=\"false\" data-particle-mobile-disabled=\"false\" class=\"elementor-element elementor-element-57327a8 e-con-full e-flex e-con e-child\" data-id=\"57327a8\" data-element_type=\"container\" data-e-type=\"container\">\n\t\t\t\t<div class=\"elementor-element elementor-element-59fd153 elementor-widget elementor-widget-heading\" data-id=\"59fd153\" data-element_type=\"widget\" data-e-type=\"widget\" data-widget_type=\"heading.default\">\n\t\t\t\t<div class=\"elementor-widget-container\">\n\t\t\t\t\t<h2 class=\"elementor-heading-title elementor-size-default\">Chronik<\/h2>\t\t\t\t<\/div>\n\t\t\t\t<\/div>\n\t\t\t\t<div class=\"elementor-element elementor-element-4295c85 elementor-widget elementor-widget-image\" data-id=\"4295c85\" data-element_type=\"widget\" data-e-type=\"widget\" data-widget_type=\"image.default\">\n\t\t\t\t<div class=\"elementor-widget-container\">\n\t\t\t\t\t\t\t\t\t\t\t\t\t\t\t<img decoding=\"async\" width=\"800\" height=\"19\" src=\"https:\/\/aldea-laura.de\/wp-content\/uploads\/2024\/04\/striche.svg\" class=\"attachment-large size-large wp-image-207\" alt=\"\" \/>\t\t\t\t\t\t\t\t\t\t\t\t\t\t\t<\/div>\n\t\t\t\t<\/div>\n\t\t\t\t<div class=\"elementor-element elementor-element-87768b7 elementor-widget elementor-widget-image\" data-id=\"87768b7\" data-element_type=\"widget\" data-e-type=\"widget\" data-widget_type=\"image.default\">\n\t\t\t\t<div class=\"elementor-widget-container\">\n\t\t\t\t\t\t\t\t\t\t\t\t\t\t\t<img decoding=\"async\" width=\"768\" height=\"19\" src=\"https:\/\/aldea-laura.de\/wp-content\/uploads\/2024\/04\/Wimpelkette.svg\" class=\"attachment-medium_large size-medium_large wp-image-208\" alt=\"\" \/>\t\t\t\t\t\t\t\t\t\t\t\t\t\t\t<\/div>\n\t\t\t\t<\/div>\n\t\t\t\t<\/div>\n\t\t\t\t\t<\/div>\n\t\t\t\t<\/div>\n\t\t<div data-particle_enable=\"false\" data-particle-mobile-disabled=\"false\" class=\"elementor-element elementor-element-f4fef82 e-con-full e-flex e-con e-parent\" data-id=\"f4fef82\" data-element_type=\"container\" data-e-type=\"container\" data-settings=\"{&quot;background_background&quot;:&quot;classic&quot;}\">\n\t\t<div data-particle_enable=\"false\" data-particle-mobile-disabled=\"false\" class=\"elementor-element elementor-element-d0ab183 e-flex e-con-boxed e-con e-child\" data-id=\"d0ab183\" data-element_type=\"container\" data-e-type=\"container\">\n\t\t\t\t\t<div class=\"e-con-inner\">\n\t\t<div data-particle_enable=\"false\" data-particle-mobile-disabled=\"false\" class=\"elementor-element elementor-element-7204e92 e-con-full e-flex e-con e-child\" data-id=\"7204e92\" data-element_type=\"container\" data-e-type=\"container\">\n\t\t\t\t<div class=\"elementor-element elementor-element-33dc20b elementor-widget elementor-widget-text-editor\" data-id=\"33dc20b\" data-element_type=\"widget\" data-e-type=\"widget\" data-widget_type=\"text-editor.default\">\n\t\t\t\t<div class=\"elementor-widget-container\">\n\t\t\t\t\t\t\t\t\t<p class=\"p1\"><span class=\"s1\"><b>1995<\/b><\/span><\/p><p class=\"p1\"><span class=\"s1\">Gr\u00fcndung des Vereins \u201eZukunft f\u00fcr Kinder \u2013 Aldea Laura e.V.\u201c 1. Vorsitzende Renate H\u00e4nsler;<span class=\"Apple-converted-space\">\u00a0<\/span><\/span><\/p><p class=\"p1\"><span class=\"s1\">Eintragung ins Vereinsregister; Anerkennung der Gemeinn\u00fctzigkeit<\/span><\/p><p class=\"p1\"><span class=\"s1\">Start des Projektes in Aldea Laura, einem kleinen Ort im Bezirk Santa Rosa im s\u00fcdlichen Hochland Guatemalas. Im Rahmen einer Privatinitiative werden Spender und Paten gefunden, um Kindern den Schulbesuch zu erm\u00f6glichen.<\/span><\/p>\t\t\t\t\t\t\t\t<\/div>\n\t\t\t\t<\/div>\n\t\t\t\t<\/div>\n\t\t\t\t\t<\/div>\n\t\t\t\t<\/div>\n\t\t\t\t<\/div>\n\t\t<div data-particle_enable=\"false\" data-particle-mobile-disabled=\"false\" class=\"elementor-element elementor-element-dc432bb e-con-full e-flex e-con e-parent\" data-id=\"dc432bb\" data-element_type=\"container\" data-e-type=\"container\" data-settings=\"{&quot;background_background&quot;:&quot;classic&quot;}\">\n\t\t<div data-particle_enable=\"false\" data-particle-mobile-disabled=\"false\" class=\"elementor-element elementor-element-a8c23de e-flex e-con-boxed e-con e-child\" data-id=\"a8c23de\" data-element_type=\"container\" data-e-type=\"container\" data-settings=\"{&quot;background_background&quot;:&quot;classic&quot;}\">\n\t\t\t\t\t<div class=\"e-con-inner\">\n\t\t\t\t<div class=\"elementor-element elementor-element-67a6603 elementor-widget elementor-widget-text-editor\" data-id=\"67a6603\" data-element_type=\"widget\" data-e-type=\"widget\" data-widget_type=\"text-editor.default\">\n\t\t\t\t<div class=\"elementor-widget-container\">\n\t\t\t\t\t\t\t\t\t<p class=\"p1\"><span class=\"s1\"><b>1996<\/b><\/span><\/p><p class=\"p1\"><span class=\"s2\">Schulgr\u00fcndung im Dorf Chocruz bei Momostenango, das bessere Voraussetzungen f\u00fcr das Schulprojekt bietet als das Dorf Aldea Laura. Der Name bleibt trotzdem bestehen.<span class=\"Apple-converted-space\">\u00a0 <\/span><\/span><span class=\"s1\">Im alten Backhaus beginnt Mitte des Jahres der Unterricht mit 12 Sch\u00fclern. Ein Einwohner aus Chocruz stellt ein Grundst\u00fcck zum Bau eines neuen Schulgeb\u00e4udes zur Verf\u00fcgung.<\/span><\/p><p class=\"p1\"><span class=\"s1\">\u00a0<\/span><\/p><p class=\"p1\"><span class=\"s1\"><b>1997<\/b><\/span><\/p><p class=\"p1\"><span class=\"s1\">Eine 2. Sch\u00fclergruppe wird in einer provisorischen Wellblechh\u00fctte unterrichtet, insgesamt sind es 70 Kinder.<span class=\"Apple-converted-space\">\u00a0<\/span><\/span><\/p><p class=\"p1\"><span class=\"s1\">Gr\u00fcndung des Vereins <b>FU<\/b>TURO PARA <b>NI<\/b>\u00d1OS <b>G<\/b>UATEMALA-<b>A<\/b>LEMANIA (\u00fcbersetzt: Zukunft f\u00fcr Kinder in Guatemala-Deutschland); dieser Verein f\u00fchrt in Guatemala die Ziele des deutschen Partnervereins aus.<\/span><span class=\"s3\"><br \/><\/span><span class=\"s1\">Baubeginn eines Schulgeb\u00e4udes mit mehreren Klassenzimmern, K\u00fcche, kleinem Arzt-\/Lehrerzimmer. Eltern fertigen daf\u00fcr 2300 Adobe-Ziegel.<\/span><\/p><p class=\"p1\"><span class=\"s1\">\u00a0<\/span><\/p><p class=\"p1\"><span class=\"s1\"><b>25. FEBRUAR 1998<\/b><\/span><\/p><p class=\"p1\"><span class=\"s1\">Einweihung des Schulgeb\u00e4udes und Schulbeginn mit 90 Kindern und drei Lehrerinnen. Die Trinkwasserversorgung ist ein gro\u00dfes Problem, aber es besteht Hoffnung auf erfolgreiche Bohrungen.<\/span><\/p><p class=\"p1\"><span class=\"s1\">Im Herbst 1998 Staatliche Anerkennung der Schule als \u201eCentro Educativo Futuro Para Ni\u00f1os, Paraje Chocruz, Pamumus, Santa Ana, Momostenango, Totonicapan\u201c durch das Bildungsministerium.<\/span><\/p><p class=\"p1\"><span class=\"s1\">\u00a0<\/span><\/p><p class=\"p1\"><span class=\"s1\"><b>1999<\/b><\/span><\/p><p class=\"p1\"><span class=\"s1\">100 Kinder besuchen die Vorschule und die 6-klassige Grundschule. Im April Beginn eines Schulerweiterungsbaus, der im Oktober 2000 eingeweiht wird.<\/span><\/p><p class=\"p1\"><span class=\"s1\">\u00a0<\/span><\/p><p class=\"p1\"><span class=\"s1\"><b>2001<\/b><\/span><\/p><p class=\"p1\"><span class=\"s1\">Fast 120 Kinder besuchen die Schule. Einrichtung einer kleinen Schreinerei, Wiederverwendung des alten Backhauses, wo Backkurse stattfinden. Das Wasserprojekt kommt ins Rollen.<\/span><\/p><p class=\"p1\"><span class=\"s1\">\u00a0<\/span><\/p><p class=\"p1\"><span class=\"s1\"><b>2003<\/b><\/span><\/p><p class=\"p1\"><span class=\"s1\">Basico I (7.\u20139. Klasse Mittelstufe<i>) <\/i>wird mit 17 Sch\u00fclern eingerichtet. Juan Silverio Pelic\u00f3 Xiloj wird Direktor der Schule.<\/span><\/p><p class=\"p1\"><span class=\"s1\">\u00a0<\/span><\/p><p class=\"p1\"><span class=\"s1\"><b>2004<\/b><\/span><\/p><p class=\"p1\"><span class=\"s1\">132 Kinder besuchen die Vor- und Grundschule. In Basico I sind es 29 Sch\u00fcler, die gleichzeitig zum Unterricht eine Grundausbildung als B\u00e4cker bzw. Elektriker machen.<\/span><\/p><p class=\"p1\"><span class=\"s1\">\u00a0<\/span><\/p><p class=\"p1\"><span class=\"s1\"><b>2005<\/b><\/span><\/p><p class=\"p1\"><span class=\"s1\"><b>10 Jahre ,,Zukunft f\u00fcr Kinder \u2013 Aldea Laura e. V.\u201c<\/b><\/span><\/p><p class=\"p1\"><span class=\"s1\">Insgesamt 178 Sch\u00fcler besuchen die Schule.<\/span><\/p><p class=\"p1\"><span class=\"s1\">Erwerb eines Grundst\u00fcckes f\u00fcr den Sportplatz und Baubeginn. Durchf\u00fchrung eines Schreiner- und Holzkurses mit 19 Teilnehmern. 16 Sch\u00fcler beenden erfolgreich die dreij\u00e4hrige Basico-Ausbildung.<\/span><\/p><p class=\"p1\"><span class=\"s1\">\u00a0<\/span><\/p><p class=\"p1\"><span class=\"s1\"><b>2007<\/b><\/span><\/p><p class=\"p1\"><span class=\"s1\">April: Der Sportplatz wird fertiggestellt.<\/span><\/p><p class=\"p1\"><span class=\"s1\">\u00a0<\/span><\/p><p class=\"p1\"><span class=\"s1\"><b>2009<\/b><\/span><\/p><p class=\"p1\"><span class=\"s1\">Mit 180 Sch\u00fclern ist die Sch\u00fclerzahl seit 4 Jahren konstant geblieben.<\/span><\/p><p class=\"p1\"><span class=\"s1\">\u00a0<\/span><\/p><p class=\"p1\"><span class=\"s1\"><b>2011<\/b><\/span><\/p><p class=\"p1\"><span class=\"s1\">Kontaktaufnahme mit dem Leipziger Verein ,,Mirador e.V.\u201c, der neben der Schule eine Notfallambulanz baut. Diese wird im Juni er\u00f6ffnet.<\/span><\/p><p class=\"p1\"><span class=\"s1\">190 Kinder besuchen die Vor- und Grundschule, 47 Sch\u00fcler sind es in Basico I.<\/span><\/p><p class=\"p1\"><span class=\"s1\">\u00a0<\/span><\/p><p class=\"p1\"><span class=\"s1\"><b>2014<\/b><\/span><\/p><p class=\"p1\"><span class=\"s1\">204 Kinder besuchen die Vor- und Grundschule, 49 Sch\u00fcler sind es in Basico I. Ein neuer Schulbau muss ins Auge gefasst werden, u.a. auch deshalb, weil schon l\u00e4nger vom Bildungsministerium bauliche M\u00e4ngel angemahnt werden. Erste Planungen beginnen mit einem indigenen Architekten. Der Verein Mirador e.V. baut eine Zisterne, um Regenwasser zu sammeln.<\/span><\/p><p class=\"p1\"><span class=\"s1\">\u00a0<\/span><\/p><p class=\"p1\"><span class=\"s1\"><b>2016<\/b><\/span><\/p><p class=\"p1\"><span class=\"s1\">Im Januar beschlie\u00dft der Vorstand, auf dem bisherigen Grundst\u00fcck ein neues Schulgeb\u00e4ude zu errichten. Im Oktober wird das alte Geb\u00e4ude abgerissen; ab November wird neu gebaut.<\/span><\/p><p class=\"p1\"><span class=\"s1\">\u00a0<\/span><\/p><p class=\"p1\"><span class=\"s1\"><b>20. Februar 2018<\/b><\/span><\/p><p class=\"p1\"><span class=\"s1\">Feierliche Einweihung des neuen Schulgeb\u00e4udes, 280 Kinder besuchen die Schule.<\/span><\/p><p class=\"p1\"><span class=\"s1\">\u00a0<\/span><\/p><p class=\"p1\"><span class=\"s1\"><b>2020<\/b><\/span><\/p><p class=\"p1\"><span class=\"s1\">Ausstattung mit neuem Schulmobiliar. Ab M\u00e4rz gibt es wegen Corona keinen Unterricht mehr. Die geplante gro\u00dfe 25-Jahr-Feier des Vereins findet nur im kleinen Rahmen statt.<\/span><\/p><p class=\"p1\"><span class=\"s1\">\u00a0<\/span><\/p><p class=\"p1\"><span class=\"s1\"><b>2024<\/b><\/span><\/p><p>Die Sch\u00fclerzahl liegt konstant bei 280 Kindern. Die Errichtung des 3. Stockwerkes ist abgeschlossen, die gesamten Baukosten betrugen 120.000.- \u20ac. Der Schulbetrieb in den neuen R\u00e4umen hat im August 2024 begonnen. Ein neues Toilettengeb\u00e4ude verbessert die hygienischen Bedingungen erheblich.<\/p>\t\t\t\t\t\t\t\t<\/div>\n\t\t\t\t<\/div>\n\t\t\t\t\t<\/div>\n\t\t\t\t<\/div>\n\t\t\t\t<\/div>\n\t\t\t\t<\/div>\n\t\t","protected":false},"excerpt":{"rendered":"<p>Chronik 1995 Gr\u00fcndung des Vereins \u201eZukunft f\u00fcr Kinder \u2013 Aldea Laura e.V.\u201c 1. Vorsitzende Renate H\u00e4nsler;\u00a0 Eintragung ins Vereinsregister; Anerkennung der Gemeinn\u00fctzigkeit Start des Projektes in Aldea Laura, einem kleinen Ort im Bezirk Santa Rosa im s\u00fcdlichen Hochland Guatemalas. Im Rahmen einer Privatinitiative werden Spender und Paten gefunden, um Kindern den Schulbesuch zu erm\u00f6glichen. 1996 [&hellip;]<\/p>\n","protected":false},"author":3,"featured_media":0,"parent":0,"menu_order":0,"comment_status":"closed","ping_status":"closed","template":"elementor_header_footer","meta":{"footnotes":""},"class_list":["post-322","page","type-page","status-publish","hentry"],"_links":{"self":[{"href":"https:\/\/aldea-laura.de\/index.php\/wp-json\/wp\/v2\/pages\/322","targetHints":{"allow":["GET"]}}],"collection":[{"href":"https:\/\/aldea-laura.de\/index.php\/wp-json\/wp\/v2\/pages"}],"about":[{"href":"https:\/\/aldea-laura.de\/index.php\/wp-json\/wp\/v2\/types\/page"}],"author":[{"embeddable":true,"href":"https:\/\/aldea-laura.de\/index.php\/wp-json\/wp\/v2\/users\/3"}],"replies":[{"embeddable":true,"href":"https:\/\/aldea-laura.de\/index.php\/wp-json\/wp\/v2\/comments?post=322"}],"version-history":[{"count":20,"href":"https:\/\/aldea-laura.de\/index.php\/wp-json\/wp\/v2\/pages\/322\/revisions"}],"predecessor-version":[{"id":753,"href":"https:\/\/aldea-laura.de\/index.php\/wp-json\/wp\/v2\/pages\/322\/revisions\/753"}],"wp:attachment":[{"href":"https:\/\/aldea-laura.de\/index.php\/wp-json\/wp\/v2\/media?parent=322"}],"curies":[{"name":"wp","href":"https:\/\/api.w.org\/{rel}","templated":true}]}}